{"id":5134,"date":"2024-12-12T16:30:10","date_gmt":"2024-12-12T15:30:10","guid":{"rendered":"https:\/\/www.beleyurologie.fr\/nevoile-dumneavoastra"},"modified":"2026-03-12T06:33:42","modified_gmt":"2026-03-12T05:33:42","slug":"nevoile-dumneavoastra","status":"publish","type":"page","link":"https:\/\/www.beleyurologie.fr\/ro\/nevoile-dumneavoastra","title":{"rendered":"Nevoile dumneavoastr\u0103"},"content":{"rendered":"\t\t<div data-elementor-type=\"wp-page\" data-elementor-id=\"5134\" class=\"elementor elementor-5134 elementor-288\" data-elementor-post-type=\"page\">\n\t\t\t\t<div class=\"elementor-element elementor-element-291c88a e-flex e-con-boxed e-con e-parent\" data-id=\"291c88a\" data-element_type=\"container\" data-e-type=\"container\" data-settings=\"{&quot;background_background&quot;:&quot;classic&quot;}\">\n\t\t\t\t\t<div class=\"e-con-inner\">\n\t\t\t\t<div class=\"elementor-element elementor-element-d8cddde elementor-widget elementor-widget-heading\" data-id=\"d8cddde\" data-element_type=\"widget\" data-e-type=\"widget\" data-widget_type=\"heading.default\">\n\t\t\t\t<div class=\"elementor-widget-container\">\n\t\t\t\t\t<h1 class=\"elementor-heading-title elementor-size-default\">Nevoile dumneavoastr\u0103<\/h1>\t\t\t\t<\/div>\n\t\t\t\t<\/div>\n\t\t\t\t<div class=\"elementor-element elementor-element-c4b13c6 elementor-widget elementor-widget-text-editor\" data-id=\"c4b13c6\" data-element_type=\"widget\" data-e-type=\"widget\" data-widget_type=\"text-editor.default\">\n\t\t\t\t<div class=\"elementor-widget-container\">\n\t\t\t\t\t\t\t\t\t<a href=\"\/\">Bun venit \/ <\/a>Nevoile dumneavoastr\u0103\t\t\t\t\t\t\t\t<\/div>\n\t\t\t\t<\/div>\n\t\t\t\t\t<\/div>\n\t\t\t\t<\/div>\n\t\t<div class=\"elementor-element elementor-element-6a80220 e-flex e-con-boxed e-con e-parent\" data-id=\"6a80220\" data-element_type=\"container\" data-e-type=\"container\">\n\t\t\t\t\t<div class=\"e-con-inner\">\n\t\t<div class=\"elementor-element elementor-element-7f8ff9b e-flex e-con-boxed e-con e-child\" data-id=\"7f8ff9b\" data-element_type=\"container\" data-e-type=\"container\">\n\t\t\t\t\t<div class=\"e-con-inner\">\n\t\t\t\t<div class=\"elementor-element elementor-element-10ede00 elementor-widget elementor-widget-heading\" data-id=\"10ede00\" data-element_type=\"widget\" data-e-type=\"widget\" data-widget_type=\"heading.default\">\n\t\t\t\t<div class=\"elementor-widget-container\">\n\t\t\t\t\t<div class=\"elementor-heading-title elementor-size-default\">Sunt aici s\u0103 te ajut<\/div>\t\t\t\t<\/div>\n\t\t\t\t<\/div>\n\t\t\t\t<div class=\"elementor-element elementor-element-9ab113e elementor-widget elementor-widget-heading\" data-id=\"9ab113e\" data-element_type=\"widget\" data-e-type=\"widget\" data-widget_type=\"heading.default\">\n\t\t\t\t<div class=\"elementor-widget-container\">\n\t\t\t\t\t<h2 class=\"elementor-heading-title elementor-size-default\">Nevoile dumneavoastr\u0103<\/h2>\t\t\t\t<\/div>\n\t\t\t\t<\/div>\n\t\t\t\t<div class=\"elementor-element elementor-element-b640a27 elementor-widget__width-initial elementor-widget elementor-widget-text-editor\" data-id=\"b640a27\" data-element_type=\"widget\" data-e-type=\"widget\" data-widget_type=\"text-editor.default\">\n\t\t\t\t<div class=\"elementor-widget-container\">\n\t\t\t\t\t\t\t\t\t<p><strong>Prefer o abordare gradual\u0103<\/strong> , explor\u00e2nd \u00eentotdeauna mai \u00eent\u00e2i <strong>cele <a href=\"https:\/\/www.beleyurologie.fr\/ro\/expertiza\">mai bl\u00e2nde op\u021biuni<\/a><\/strong> \u00eenainte de a lua \u00een considerare interven\u021bii mai complexe.<\/p>\t\t\t\t\t\t\t\t<\/div>\n\t\t\t\t<\/div>\n\t\t\t\t\t<\/div>\n\t\t\t\t<\/div>\n\t\t<div class=\"elementor-element elementor-element-8e096b4 e-con-full e-grid e-con e-child\" data-id=\"8e096b4\" data-element_type=\"container\" data-e-type=\"container\">\n\t\t\t\t<div class=\"elementor-element elementor-element-a5e8129 elementor-widget__width-initial elementor-widget-tablet__width-initial elementor-widget-mobile__width-inherit elementor-cta--skin-classic elementor-animated-content elementor-widget elementor-widget-call-to-action\" data-id=\"a5e8129\" data-element_type=\"widget\" data-e-type=\"widget\" data-widget_type=\"call-to-action.default\">\n\t\t\t\t<div class=\"elementor-widget-container\">\n\t\t\t\t\t\t\t<a class=\"elementor-cta\" href=\"https:\/\/www.beleyurologie.fr\/besoins-dun-patient-urologie-sebastien-beley\/probleme-erection\">\n\t\t\t\t\t<div class=\"elementor-cta__bg-wrapper\">\n\t\t\t\t<div class=\"elementor-cta__bg elementor-bg\" style=\"background-image: url(https:\/\/www.beleyurologie.fr\/wp-content\/uploads\/2025\/03\/Implant-penien-hydraulique-NB.jpg);\" role=\"img\" aria-label=\"Dessin illustrant Implant p\u00e9nien hydraulique, S\u00e9bastien Beley\"><\/div>\n\t\t\t\t<div class=\"elementor-cta__bg-overlay\"><\/div>\n\t\t\t<\/div>\n\t\t\t\t\t\t\t<div class=\"elementor-cta__content\">\n\t\t\t\t\n\t\t\t\t\t\t\t\t\t<div class=\"elementor-cta__title elementor-cta__content-item elementor-content-item\">\n\t\t\t\t\t\tProbleme de erec\u021bie\t\t\t\t\t<\/div>\n\t\t\t\t\n\t\t\t\t\t\t\t\t\t<div class=\"elementor-cta__description elementor-cta__content-item elementor-content-item\">\n\t\t\t\t\t\tDatorit\u0103 unui mecanism inovator, proteza hidraulic\u0103 imit\u0103 perfect o erec\u021bie natural\u0103, oferind discre\u021bie \u0219i confort.\t\t\t\t\t<\/div>\n\t\t\t\t\n\t\t\t\t\t\t\t<\/div>\n\t\t\t\t\t\t<\/a>\n\t\t\t\t\t\t<\/div>\n\t\t\t\t<\/div>\n\t\t\t\t<div class=\"elementor-element elementor-element-738dc7e elementor-widget__width-initial elementor-widget-tablet__width-initial elementor-widget-mobile__width-inherit elementor-cta--skin-classic elementor-animated-content elementor-widget elementor-widget-call-to-action\" data-id=\"738dc7e\" data-element_type=\"widget\" data-e-type=\"widget\" data-widget_type=\"call-to-action.default\">\n\t\t\t\t<div class=\"elementor-widget-container\">\n\t\t\t\t\t\t\t<a class=\"elementor-cta\" href=\"https:\/\/www.beleyurologie.fr\/besoins-dun-patient-urologie-sebastien-beley\/maladie-de-lapeyronie\">\n\t\t\t\t\t<div class=\"elementor-cta__bg-wrapper\">\n\t\t\t\t<div class=\"elementor-cta__bg elementor-bg\" style=\"background-image: url(https:\/\/www.beleyurologie.fr\/wp-content\/uploads\/2025\/03\/Lapeyronie-NB.jpg);\" role=\"img\" aria-label=\"Dessin illustrant op\u00e9ration Lapeyronie\"><\/div>\n\t\t\t\t<div class=\"elementor-cta__bg-overlay\"><\/div>\n\t\t\t<\/div>\n\t\t\t\t\t\t\t<div class=\"elementor-cta__content\">\n\t\t\t\t\n\t\t\t\t\t\t\t\t\t<div class=\"elementor-cta__title elementor-cta__content-item elementor-content-item\">\n\t\t\t\t\t\tBoala Peyronie\t\t\t\t\t<\/div>\n\t\t\t\t\n\t\t\t\t\t\t\t\t\t<div class=\"elementor-cta__description elementor-cta__content-item elementor-content-item\">\n\t\t\t\t\t\tExist\u0103 tratamente, de la injec\u021bii la solu\u021bii chirurgicale, pentru a rec\u00e2\u0219tiga func\u021bia sexual\u0103 optim\u0103 \u0219i un confort sporit \u00een via\u021ba de zi cu zi.\t\t\t\t\t<\/div>\n\t\t\t\t\n\t\t\t\t\t\t\t<\/div>\n\t\t\t\t\t\t<\/a>\n\t\t\t\t\t\t<\/div>\n\t\t\t\t<\/div>\n\t\t\t\t<div class=\"elementor-element elementor-element-273e9ed elementor-widget__width-initial elementor-widget-tablet__width-initial elementor-widget-mobile__width-inherit elementor-cta--skin-classic elementor-animated-content elementor-widget elementor-widget-call-to-action\" data-id=\"273e9ed\" data-element_type=\"widget\" data-e-type=\"widget\" data-widget_type=\"call-to-action.default\">\n\t\t\t\t<div class=\"elementor-widget-container\">\n\t\t\t\t\t\t\t<a class=\"elementor-cta\" href=\"https:\/\/www.beleyurologie.fr\/besoins-dun-patient-urologie-sebastien-beley\/operation-prostate-enjeux-sante\">\n\t\t\t\t\t<div class=\"elementor-cta__bg-wrapper\">\n\t\t\t\t<div class=\"elementor-cta__bg elementor-bg\" style=\"background-image: url(https:\/\/www.beleyurologie.fr\/wp-content\/uploads\/2025\/03\/Implant-penien-malleable-NB.jpg);\" role=\"img\" aria-label=\"Dessin illustrant op\u00e9ration Implant p\u00e9nien mall\u00e9able\"><\/div>\n\t\t\t\t<div class=\"elementor-cta__bg-overlay\"><\/div>\n\t\t\t<\/div>\n\t\t\t\t\t\t\t<div class=\"elementor-cta__content\">\n\t\t\t\t\n\t\t\t\t\t\t\t\t\t<div class=\"elementor-cta__title elementor-cta__content-item elementor-content-item\">\n\t\t\t\t\t\tProbleme cu prostata\t\t\t\t\t<\/div>\n\t\t\t\t\n\t\t\t\t\t\t\t\t\t<div class=\"elementor-cta__description elementor-cta__content-item elementor-content-item\">\n\t\t\t\t\t\tO solu\u021bie fiabil\u0103 pentru a rec\u00e2\u0219tiga o erec\u021bie func\u021bional\u0103 \u00een cazurile de disfunc\u021bie erectil\u0103 sever\u0103.\t\t\t\t\t<\/div>\n\t\t\t\t\n\t\t\t\t\t\t\t<\/div>\n\t\t\t\t\t\t<\/a>\n\t\t\t\t\t\t<\/div>\n\t\t\t\t<\/div>\n\t\t\t\t<div class=\"elementor-element elementor-element-b043a1c elementor-widget__width-initial elementor-widget-tablet__width-initial elementor-widget-mobile__width-inherit elementor-cta--skin-classic elementor-animated-content elementor-widget elementor-widget-call-to-action\" data-id=\"b043a1c\" data-element_type=\"widget\" data-e-type=\"widget\" data-widget_type=\"call-to-action.default\">\n\t\t\t\t<div class=\"elementor-widget-container\">\n\t\t\t\t\t\t\t<a class=\"elementor-cta\" href=\"https:\/\/www.beleyurologie.fr\/besoins-dun-patient-urologie-sebastien-beley\/operation-stenose-de-l-uretre\">\n\t\t\t\t\t<div class=\"elementor-cta__bg-wrapper\">\n\t\t\t\t<div class=\"elementor-cta__bg elementor-bg\" style=\"background-image: url(https:\/\/www.beleyurologie.fr\/wp-content\/uploads\/2025\/01\/MG_8345.jpg);\" role=\"img\" aria-label=\"Livre d&#039;urologie sur le p\u00e9nis et l&#039;organe masculin, implant p\u00e9nien\"><\/div>\n\t\t\t\t<div class=\"elementor-cta__bg-overlay\"><\/div>\n\t\t\t<\/div>\n\t\t\t\t\t\t\t<div class=\"elementor-cta__content\">\n\t\t\t\t\n\t\t\t\t\t\t\t\t\t<div class=\"elementor-cta__title elementor-cta__content-item elementor-content-item\">\n\t\t\t\t\t\tStrictura uretral\u0103\t\t\t\t\t<\/div>\n\t\t\t\t\n\t\t\t\t\t\t\t\t\t<div class=\"elementor-cta__description elementor-cta__content-item elementor-content-item\">\n\t\t\t\t\t\tPlasma \u00eembog\u0103\u021bit\u0103 cu trombocite (PRP) este utilizat\u0103 pentru a stimula regenerarea celular\u0103 \u0219i a promova vindecarea \u021besuturilor. O abordare natural\u0103 pentru tratarea anumitor afec\u021biuni urologice. \t\t\t\t\t<\/div>\n\t\t\t\t\n\t\t\t\t\t\t\t<\/div>\n\t\t\t\t\t\t<\/a>\n\t\t\t\t\t\t<\/div>\n\t\t\t\t<\/div>\n\t\t\t\t<div class=\"elementor-element elementor-element-1dbd53b elementor-widget__width-initial elementor-widget-tablet__width-initial elementor-widget-mobile__width-inherit elementor-cta--skin-classic elementor-animated-content elementor-widget elementor-widget-call-to-action\" data-id=\"1dbd53b\" data-element_type=\"widget\" data-e-type=\"widget\" data-widget_type=\"call-to-action.default\">\n\t\t\t\t<div class=\"elementor-widget-container\">\n\t\t\t\t\t\t\t<a class=\"elementor-cta\" href=\"https:\/\/www.beleyurologie.fr\/besoins-dun-patient-urologie-sebastien-beley\/operation-phimosis\">\n\t\t\t\t\t<div class=\"elementor-cta__bg-wrapper\">\n\t\t\t\t<div class=\"elementor-cta__bg elementor-bg\" style=\"background-image: url(https:\/\/www.beleyurologie.fr\/wp-content\/uploads\/2025\/01\/MG_8347B.jpg);\" role=\"img\" aria-label=\"Livre d&#039;urologie sur une coupe de p\u00e9nis et sur l&#039;organe masculin\"><\/div>\n\t\t\t\t<div class=\"elementor-cta__bg-overlay\"><\/div>\n\t\t\t<\/div>\n\t\t\t\t\t\t\t<div class=\"elementor-cta__content\">\n\t\t\t\t\n\t\t\t\t\t\t\t\t\t<div class=\"elementor-cta__title elementor-cta__content-item elementor-content-item\">\n\t\t\t\t\t\tFimoz\u0103\t\t\t\t\t<\/div>\n\t\t\t\t\n\t\t\t\t\t\t\t\t\t<div class=\"elementor-cta__description elementor-cta__content-item elementor-content-item\">\n\t\t\t\t\t\tUn tratament inovator pe baz\u0103 de PRP pentru \u00eembun\u0103t\u0103\u021birea circula\u021biei s\u00e2ngelui \u0219i stimularea regener\u0103rii \u021besutului penian. Promoveaz\u0103 erec\u021bii mai ferme \u0219i mai durabile, f\u0103r\u0103 interven\u021bie chirurgical\u0103. \t\t\t\t\t<\/div>\n\t\t\t\t\n\t\t\t\t\t\t\t<\/div>\n\t\t\t\t\t\t<\/a>\n\t\t\t\t\t\t<\/div>\n\t\t\t\t<\/div>\n\t\t\t\t<div class=\"elementor-element elementor-element-0056ab5 elementor-widget__width-initial elementor-widget-tablet__width-initial elementor-widget-mobile__width-inherit elementor-cta--skin-classic elementor-animated-content elementor-widget elementor-widget-call-to-action\" data-id=\"0056ab5\" data-element_type=\"widget\" data-e-type=\"widget\" data-widget_type=\"call-to-action.default\">\n\t\t\t\t<div class=\"elementor-widget-container\">\n\t\t\t\t\t\t\t<a class=\"elementor-cta\" href=\"https:\/\/www.beleyurologie.fr\/besoins-dun-patient-urologie-sebastien-beley\/operation-varicocele\">\n\t\t\t\t\t<div class=\"elementor-cta__bg-wrapper\">\n\t\t\t\t<div class=\"elementor-cta__bg elementor-bg\" style=\"background-image: url(https:\/\/www.beleyurologie.fr\/wp-content\/uploads\/2025\/01\/MG_8359.jpg);\" role=\"img\" aria-label=\"Livre urologie sur l&#039;appareil g\u00e9nital masculin et la verge\"><\/div>\n\t\t\t\t<div class=\"elementor-cta__bg-overlay\"><\/div>\n\t\t\t<\/div>\n\t\t\t\t\t\t\t<div class=\"elementor-cta__content\">\n\t\t\t\t\n\t\t\t\t\t\t\t\t\t<div class=\"elementor-cta__title elementor-cta__content-item elementor-content-item\">\n\t\t\t\t\t\tVaricocel\t\t\t\t\t<\/div>\n\t\t\t\t\n\t\t\t\t\t\t\t\t\t<div class=\"elementor-cta__description elementor-cta__content-item elementor-content-item\">\n\t\t\t\t\t\tO terapie neinvaziv\u0103 care stimuleaz\u0103 fluxul sanguin c\u0103tre penis \u0219i \u00eembun\u0103t\u0103\u021be\u0219te \u00een mod natural func\u021bia erectil\u0103. O solu\u021bie eficient\u0103 pentru b\u0103rba\u021bii care sufer\u0103 de disfunc\u021bie erectil\u0103. \t\t\t\t\t<\/div>\n\t\t\t\t\n\t\t\t\t\t\t\t<\/div>\n\t\t\t\t\t\t<\/a>\n\t\t\t\t\t\t<\/div>\n\t\t\t\t<\/div>\n\t\t\t\t<\/div>\n\t\t\t\t\t<\/div>\n\t\t\t\t<\/div>\n\t\t<div class=\"elementor-element elementor-element-ae75f03 e-flex e-con-boxed e-con e-parent\" data-id=\"ae75f03\" data-element_type=\"container\" data-e-type=\"container\">\n\t\t\t\t\t<div class=\"e-con-inner\">\n\t\t\t\t<div class=\"elementor-element elementor-element-4f04ba4 elementor-widget elementor-widget-image\" data-id=\"4f04ba4\" data-element_type=\"widget\" data-e-type=\"widget\" data-widget_type=\"image.default\">\n\t\t\t\t<div class=\"elementor-widget-container\">\n\t\t\t\t\t\t\t\t\t\t\t\t\t\t\t<img decoding=\"async\" width=\"1378\" height=\"919\" src=\"https:\/\/www.beleyurologie.fr\/wp-content\/uploads\/2025\/07\/MG_8799.jpg\" class=\"attachment-1536x1536 size-1536x1536 wp-image-2658\" alt=\"Dr S\u00e9bastien Beley op\u00e9ration implant p\u00e9nien, besoins\" srcset=\"https:\/\/www.beleyurologie.fr\/wp-content\/uploads\/2025\/07\/MG_8799.jpg 1378w, https:\/\/www.beleyurologie.fr\/wp-content\/uploads\/2025\/07\/MG_8799-300x200.jpg 300w, https:\/\/www.beleyurologie.fr\/wp-content\/uploads\/2025\/07\/MG_8799-1024x683.jpg 1024w, https:\/\/www.beleyurologie.fr\/wp-content\/uploads\/2025\/07\/MG_8799-768x512.jpg 768w\" sizes=\"(max-width: 1378px) 100vw, 1378px\" \/>\t\t\t\t\t\t\t\t\t\t\t\t\t\t\t<\/div>\n\t\t\t\t<\/div>\n\t\t\t\t\t<\/div>\n\t\t\t\t<\/div>\n\t\t<div class=\"elementor-element elementor-element-9204865 e-flex e-con-boxed e-con e-parent\" data-id=\"9204865\" data-element_type=\"container\" data-e-type=\"container\" data-settings=\"{&quot;background_background&quot;:&quot;classic&quot;}\">\n\t\t\t\t\t<div class=\"e-con-inner\">\n\t\t\t\t<div class=\"elementor-element elementor-element-c15b5b4 elementor-widget elementor-widget-heading\" data-id=\"c15b5b4\" data-element_type=\"widget\" data-e-type=\"widget\" data-widget_type=\"heading.default\">\n\t\t\t\t<div class=\"elementor-widget-container\">\n\t\t\t\t\t<h2 class=\"elementor-heading-title elementor-size-default\">Face\u021bi o programare<\/h2>\t\t\t\t<\/div>\n\t\t\t\t<\/div>\n\t\t\t\t<div class=\"elementor-element elementor-element-5ea7181 elementor-widget__width-initial elementor-widget elementor-widget-text-editor\" data-id=\"5ea7181\" data-element_type=\"widget\" data-e-type=\"widget\" data-widget_type=\"text-editor.default\">\n\t\t\t\t<div class=\"elementor-widget-container\">\n\t\t\t\t\t\t\t\t\t<p>Programeaz\u0103 o consulta\u021bie cu mine pentru a discuta despre nevoile tale.<\/p>\t\t\t\t\t\t\t\t<\/div>\n\t\t\t\t<\/div>\n\t\t<div class=\"elementor-element elementor-element-095ff32 e-con-full e-flex e-con e-child\" data-id=\"095ff32\" data-element_type=\"container\" data-e-type=\"container\">\n\t\t\t\t<div class=\"elementor-element elementor-element-9688df8 elementor-widget elementor-widget-button\" data-id=\"9688df8\" data-element_type=\"widget\" data-e-type=\"widget\" data-widget_type=\"button.default\">\n\t\t\t\t<div class=\"elementor-widget-container\">\n\t\t\t\t\t\t\t\t\t<div class=\"elementor-button-wrapper\">\n\t\t\t\t\t<a class=\"elementor-button elementor-button-link elementor-size-sm\" href=\"https:\/\/www.doctolib.fr\/chirurgien-urologue\/paris\/sebastien-beley\" target=\"_blank\" rel=\"noopener\">\n\t\t\t\t\t\t<span class=\"elementor-button-content-wrapper\">\n\t\t\t\t\t\t\t\t\t<span class=\"elementor-button-text\">programare de consulta\u021bie<\/span>\n\t\t\t\t\t<\/span>\n\t\t\t\t\t<\/a>\n\t\t\t\t<\/div>\n\t\t\t\t\t\t\t\t<\/div>\n\t\t\t\t<\/div>\n\t\t\t\t<div class=\"elementor-element elementor-element-8e55802 elementor-widget elementor-widget-button\" data-id=\"8e55802\" data-element_type=\"widget\" data-e-type=\"widget\" data-widget_type=\"button.default\">\n\t\t\t\t<div class=\"elementor-widget-container\">\n\t\t\t\t\t\t\t\t\t<div class=\"elementor-button-wrapper\">\n\t\t\t\t\t<a class=\"elementor-button elementor-button-link elementor-size-sm\" href=\"https:\/\/www.beleyurologie.fr\/ro\/programare-la-chirurgie\">\n\t\t\t\t\t\t<span class=\"elementor-button-content-wrapper\">\n\t\t\t\t\t\t\t\t\t<span class=\"elementor-button-text\">Programare la chirurgie<\/span>\n\t\t\t\t\t<\/span>\n\t\t\t\t\t<\/a>\n\t\t\t\t<\/div>\n\t\t\t\t\t\t\t\t<\/div>\n\t\t\t\t<\/div>\n\t\t\t\t<\/div>\n\t\t\t\t\t<\/div>\n\t\t\t\t<\/div>\n\t\t\t\t<\/div>\n\t\t","protected":false},"excerpt":{"rendered":"<p>Nevoile dumneavoastr\u0103 Sunt aici s\u0103 te ajut Nevoile dumneavoastr\u0103 Prefer o abordare gradual\u0103 , explor\u00e2nd \u00eentotdeauna mai \u00eent\u00e2i cele mai bl\u00e2nde op\u021biuni \u00eenainte de a lua \u00een considerare interven\u021bii mai complexe. Probleme de erec\u021bie Datorit\u0103 unui mecanism inovator, proteza hidraulic\u0103 imit\u0103 perfect o erec\u021bie natural\u0103, oferind discre\u021bie \u0219i confort. Boala Peyronie Exist\u0103 tratamente, de la [&hellip;]<\/p>\n","protected":false},"author":1,"featured_media":0,"parent":0,"menu_order":0,"comment_status":"closed","ping_status":"closed","template":"","meta":{"footnotes":""},"class_list":["post-5134","page","type-page","status-publish","hentry"],"_links":{"self":[{"href":"https:\/\/www.beleyurologie.fr\/ro\/wp-json\/wp\/v2\/pages\/5134","targetHints":{"allow":["GET"]}}],"collection":[{"href":"https:\/\/www.beleyurologie.fr\/ro\/wp-json\/wp\/v2\/pages"}],"about":[{"href":"https:\/\/www.beleyurologie.fr\/ro\/wp-json\/wp\/v2\/types\/page"}],"author":[{"embeddable":true,"href":"https:\/\/www.beleyurologie.fr\/ro\/wp-json\/wp\/v2\/users\/1"}],"replies":[{"embeddable":true,"href":"https:\/\/www.beleyurologie.fr\/ro\/wp-json\/wp\/v2\/comments?post=5134"}],"version-history":[{"count":1,"href":"https:\/\/www.beleyurologie.fr\/ro\/wp-json\/wp\/v2\/pages\/5134\/revisions"}],"predecessor-version":[{"id":5137,"href":"https:\/\/www.beleyurologie.fr\/ro\/wp-json\/wp\/v2\/pages\/5134\/revisions\/5137"}],"wp:attachment":[{"href":"https:\/\/www.beleyurologie.fr\/ro\/wp-json\/wp\/v2\/media?parent=5134"}],"curies":[{"name":"wp","href":"https:\/\/api.w.org\/{rel}","templated":true}]}}