{"id":5017,"date":"2026-02-22T19:42:04","date_gmt":"2026-02-22T18:42:04","guid":{"rendered":"https:\/\/www.beleyurologie.fr\/scor-pdq"},"modified":"2026-03-12T06:33:17","modified_gmt":"2026-03-12T05:33:17","slug":"scor-pdq","status":"publish","type":"page","link":"https:\/\/www.beleyurologie.fr\/ro\/scor-pdq","title":{"rendered":"Scor PDQ"},"content":{"rendered":"\t<div class=\"beley-pdq-wrap\">\n\t\t<header class=\"beley-pdq-header\" aria-label=\"Titlu\">\n\t\t\t<h2 class=\"beley-pdq-header-title\">Chestionar PDQ<\/h2>\n\t\t\t<p class=\"beley-pdq-header-desc\">Chestionar despre boala Peyronie<\/p>\n\t\t<\/header>\n\n\t\t<div class=\"beley-pdq\" id=\"beley-pdq\">\n\t\t\t<p class=\"beley-pdq-intro\">\n\t\t\t\tAcest chestionar \u00ee\u0219i propune s\u0103 identifice orice probleme pe care le-a\u021bi putea avea cu erec\u021biile sau actul sexual care implic\u0103 penetrare vaginal\u0103. R\u0103spunsurile dumneavoastr\u0103 vor r\u0103m\u00e2ne strict confiden\u021biale. \t\t\t<\/p>\n\n\t\t\t<form class=\"beley-pdq-form\" id=\"beley-pdq-form\" novalidate>\n\t\t\t\t<fieldset class=\"beley-pdq-fieldset beley-pdq-fieldset--filter\">\n\t\t\t\t\t<legend class=\"beley-pdq-legend\">\u00cen ultimele 3 luni<\/legend>\n\t\t\t\t\t<ul class=\"beley-pdq-options beley-pdq-options--block\">\n\t\t\t\t\t\t<li>\n\t\t\t\t\t\t\t<label><input type=\"radio\" name=\"beley_pdq_rapports\" value=\"non\" required>\n\t\t\t\t\t\t\t\tNu, nu am avut niciun act sexual cu penetrare vaginal\u0103 \u00een ultimele 3 luni.\t\t\t\t\t\t\t<\/label>\n\t\t\t\t\t\t<\/li>\n\t\t\t\t\t\t<li>\n\t\t\t\t\t\t\t<label><input type=\"radio\" name=\"beley_pdq_rapports\" value=\"oui\">\n\t\t\t\t\t\t\t\tDa, am avut rela\u021bii sexuale cu penetrare vaginal\u0103 \u00een ultimele 3 luni.\t\t\t\t\t\t\t<\/label>\n\t\t\t\t\t\t<\/li>\n\t\t\t\t\t<\/ul>\n\t\t\t\t<\/fieldset>\n\n\t\t\t\t<div class=\"beley-pdq-main\" id=\"beley-pdq-main\">\n\t\t\t\t\t<div class=\"beley-pdq-optional\" id=\"beley-pdq-optional\" hidden>\n\t\t\t\t\t\t<p><label for=\"beley_pdq_nb\">Aproximativ de c\u00e2te ori a\u021bi avut rela\u021bii sexuale cu penetrare vaginal\u0103 \u00een ultimele 3 luni?<\/label>\n\t\t\t\t\t\t\t<input type=\"number\" id=\"beley_pdq_nb\" name=\"beley_pdq_nb\" min=\"0\" step=\"1\" placeholder=\"Num\u0103rul de ori\" class=\"beley-pdq-input-inline\"><\/p>\n\t\t\t\t\t\t<p><label for=\"beley_pdq_date\">\u00cen ce dat\u0103 a\u021bi avut ultimul act sexual cu penetrare vaginal\u0103?<\/label>\n\t\t\t\t\t\t\t<input type=\"date\" id=\"beley_pdq_date\" name=\"beley_pdq_date\" class=\"beley-pdq-input-inline\"><\/p>\n\t\t\t\t\t<\/div>\n\n\t\t\t\t\t<p class=\"beley-pdq-section-desc\">Pentru fiecare problem\u0103 de mai jos, indica\u021bi num\u0103rul care descrie cel mai bine c\u00e2t de grav\u0103 a fost problema la ultimul act sexual vaginal. Dac\u0103 nu a\u021bi \u00eent\u00e2mpinat aceast\u0103 problem\u0103, alege\u021bi 0. <\/p>\n\n\t\t\t\t\t\t\t\t\t\t\t\t\t\t\t\t<fieldset class=\"beley-pdq-fieldset\">\n\t\t\t\t\t\t\t<legend class=\"beley-pdq-legend\">1. \u00cengrijorarea de a v\u0103 deteriora penisul \u00een timpul actului sexual vaginal<\/legend>\n\t\t\t\t\t\t\t<ul class=\"beley-pdq-options beley-pdq-options--inline\">\n\t\t\t\t\t\t\t\t\t\t\t\t\t\t\t\t\t<li><label><input type=\"radio\" name=\"beley_pdq_q1\" value=\"0\"> Nici unul<\/label><\/li>\n\t\t\t\t\t\t\t\t\t\t\t\t\t\t\t\t\t<li><label><input type=\"radio\" name=\"beley_pdq_q1\" value=\"1\"> Aprinde<\/label><\/li>\n\t\t\t\t\t\t\t\t\t\t\t\t\t\t\t\t\t<li><label><input type=\"radio\" name=\"beley_pdq_q1\" value=\"2\"> Moderat<\/label><\/li>\n\t\t\t\t\t\t\t\t\t\t\t\t\t\t\t\t\t<li><label><input type=\"radio\" name=\"beley_pdq_q1\" value=\"3\"> Sever\u0103<\/label><\/li>\n\t\t\t\t\t\t\t\t\t\t\t\t\t\t\t\t\t<li><label><input type=\"radio\" name=\"beley_pdq_q1\" value=\"4\"> Foarte serios<\/label><\/li>\n\t\t\t\t\t\t\t\t\t\t\t\t\t\t\t<\/ul>\n\t\t\t\t\t\t<\/fieldset>\n\t\t\t\t\t\t\t\t\t\t\t<fieldset class=\"beley-pdq-fieldset\">\n\t\t\t\t\t\t\t<legend class=\"beley-pdq-legend\">2. Deformarea sau pierderea total\u0103 a rigidit\u0103\u021bii penisului \u00een timpul actului sexual cu penetrare vaginal\u0103<\/legend>\n\t\t\t\t\t\t\t<ul class=\"beley-pdq-options beley-pdq-options--inline\">\n\t\t\t\t\t\t\t\t\t\t\t\t\t\t\t\t\t<li><label><input type=\"radio\" name=\"beley_pdq_q2\" value=\"0\"> Nici unul<\/label><\/li>\n\t\t\t\t\t\t\t\t\t\t\t\t\t\t\t\t\t<li><label><input type=\"radio\" name=\"beley_pdq_q2\" value=\"1\"> Aprinde<\/label><\/li>\n\t\t\t\t\t\t\t\t\t\t\t\t\t\t\t\t\t<li><label><input type=\"radio\" name=\"beley_pdq_q2\" value=\"2\"> Moderat<\/label><\/li>\n\t\t\t\t\t\t\t\t\t\t\t\t\t\t\t\t\t<li><label><input type=\"radio\" name=\"beley_pdq_q2\" value=\"3\"> Sever\u0103<\/label><\/li>\n\t\t\t\t\t\t\t\t\t\t\t\t\t\t\t\t\t<li><label><input type=\"radio\" name=\"beley_pdq_q2\" value=\"4\"> Foarte serios<\/label><\/li>\n\t\t\t\t\t\t\t\t\t\t\t\t\t\t\t<\/ul>\n\t\t\t\t\t\t<\/fieldset>\n\t\t\t\t\t\t\t\t\t\t\t<fieldset class=\"beley-pdq-fieldset\">\n\t\t\t\t\t\t\t<legend class=\"beley-pdq-legend\">3. Dificultate \u00een a introduce penisul erect \u00een vaginul partenerului\/partenerei<\/legend>\n\t\t\t\t\t\t\t<ul class=\"beley-pdq-options beley-pdq-options--inline\">\n\t\t\t\t\t\t\t\t\t\t\t\t\t\t\t\t\t<li><label><input type=\"radio\" name=\"beley_pdq_q3\" value=\"0\"> Nici unul<\/label><\/li>\n\t\t\t\t\t\t\t\t\t\t\t\t\t\t\t\t\t<li><label><input type=\"radio\" name=\"beley_pdq_q3\" value=\"1\"> Aprinde<\/label><\/li>\n\t\t\t\t\t\t\t\t\t\t\t\t\t\t\t\t\t<li><label><input type=\"radio\" name=\"beley_pdq_q3\" value=\"2\"> Moderat<\/label><\/li>\n\t\t\t\t\t\t\t\t\t\t\t\t\t\t\t\t\t<li><label><input type=\"radio\" name=\"beley_pdq_q3\" value=\"3\"> Sever\u0103<\/label><\/li>\n\t\t\t\t\t\t\t\t\t\t\t\t\t\t\t\t\t<li><label><input type=\"radio\" name=\"beley_pdq_q3\" value=\"4\"> Foarte serios<\/label><\/li>\n\t\t\t\t\t\t\t\t\t\t\t\t\t\t\t<\/ul>\n\t\t\t\t\t\t<\/fieldset>\n\t\t\t\t\t\t\t\t\t\t\t<fieldset class=\"beley-pdq-fieldset\">\n\t\t\t\t\t\t\t<legend class=\"beley-pdq-legend\">4. Dificult\u0103\u021bi cu anumite pozi\u021bii de care obi\u0219nuiai s\u0103 te bucuri \u00een timpul actului sexual vaginal<\/legend>\n\t\t\t\t\t\t\t<ul class=\"beley-pdq-options beley-pdq-options--inline\">\n\t\t\t\t\t\t\t\t\t\t\t\t\t\t\t\t\t<li><label><input type=\"radio\" name=\"beley_pdq_q4\" value=\"0\"> Nici unul<\/label><\/li>\n\t\t\t\t\t\t\t\t\t\t\t\t\t\t\t\t\t<li><label><input type=\"radio\" name=\"beley_pdq_q4\" value=\"1\"> Aprinde<\/label><\/li>\n\t\t\t\t\t\t\t\t\t\t\t\t\t\t\t\t\t<li><label><input type=\"radio\" name=\"beley_pdq_q4\" value=\"2\"> Moderat<\/label><\/li>\n\t\t\t\t\t\t\t\t\t\t\t\t\t\t\t\t\t<li><label><input type=\"radio\" name=\"beley_pdq_q4\" value=\"3\"> Sever\u0103<\/label><\/li>\n\t\t\t\t\t\t\t\t\t\t\t\t\t\t\t\t\t<li><label><input type=\"radio\" name=\"beley_pdq_q4\" value=\"4\"> Foarte serios<\/label><\/li>\n\t\t\t\t\t\t\t\t\t\t\t\t\t\t\t<\/ul>\n\t\t\t\t\t\t<\/fieldset>\n\t\t\t\t\t\t\t\t\t\t\t<fieldset class=\"beley-pdq-fieldset\">\n\t\t\t\t\t\t\t<legend class=\"beley-pdq-legend\">5. St\u00e2ng\u0103cie \u00een efectuarea anumitor pozi\u021bii de care obi\u0219nuiai s\u0103 te bucuri \u00een timpul actului sexual vaginal.<\/legend>\n\t\t\t\t\t\t\t<ul class=\"beley-pdq-options beley-pdq-options--inline\">\n\t\t\t\t\t\t\t\t\t\t\t\t\t\t\t\t\t<li><label><input type=\"radio\" name=\"beley_pdq_q5\" value=\"0\"> Nici unul<\/label><\/li>\n\t\t\t\t\t\t\t\t\t\t\t\t\t\t\t\t\t<li><label><input type=\"radio\" name=\"beley_pdq_q5\" value=\"1\"> Aprinde<\/label><\/li>\n\t\t\t\t\t\t\t\t\t\t\t\t\t\t\t\t\t<li><label><input type=\"radio\" name=\"beley_pdq_q5\" value=\"2\"> Moderat<\/label><\/li>\n\t\t\t\t\t\t\t\t\t\t\t\t\t\t\t\t\t<li><label><input type=\"radio\" name=\"beley_pdq_q5\" value=\"3\"> Sever\u0103<\/label><\/li>\n\t\t\t\t\t\t\t\t\t\t\t\t\t\t\t\t\t<li><label><input type=\"radio\" name=\"beley_pdq_q5\" value=\"4\"> Foarte serios<\/label><\/li>\n\t\t\t\t\t\t\t\t\t\t\t\t\t\t\t<\/ul>\n\t\t\t\t\t\t<\/fieldset>\n\t\t\t\t\t\t\t\t\t\t\t<fieldset class=\"beley-pdq-fieldset\">\n\t\t\t\t\t\t\t<legend class=\"beley-pdq-legend\">6. Disconfort la efectuarea anumitor pozi\u021bii de care obi\u0219nuiai s\u0103 te bucuri \u00een timpul actului sexual vaginal<\/legend>\n\t\t\t\t\t\t\t<ul class=\"beley-pdq-options beley-pdq-options--inline\">\n\t\t\t\t\t\t\t\t\t\t\t\t\t\t\t\t\t<li><label><input type=\"radio\" name=\"beley_pdq_q6\" value=\"0\"> Nici unul<\/label><\/li>\n\t\t\t\t\t\t\t\t\t\t\t\t\t\t\t\t\t<li><label><input type=\"radio\" name=\"beley_pdq_q6\" value=\"1\"> Aprinde<\/label><\/li>\n\t\t\t\t\t\t\t\t\t\t\t\t\t\t\t\t\t<li><label><input type=\"radio\" name=\"beley_pdq_q6\" value=\"2\"> Moderat<\/label><\/li>\n\t\t\t\t\t\t\t\t\t\t\t\t\t\t\t\t\t<li><label><input type=\"radio\" name=\"beley_pdq_q6\" value=\"3\"> Sever\u0103<\/label><\/li>\n\t\t\t\t\t\t\t\t\t\t\t\t\t\t\t\t\t<li><label><input type=\"radio\" name=\"beley_pdq_q6\" value=\"4\"> Foarte serios<\/label><\/li>\n\t\t\t\t\t\t\t\t\t\t\t\t\t\t\t<\/ul>\n\t\t\t\t\t\t<\/fieldset>\n\t\t\t\t\t\n\t\t\t\t\t<p class=\"beley-pdq-section-desc\">Nivelul durerii sau disconfortului. Dac\u0103 nu a\u021bi resim\u021bit durere sau disconfort, alege\u021bi 0. <\/p>\n\n\t\t\t\t\t\t\t\t\t\t<fieldset class=\"beley-pdq-fieldset\">\n\t\t\t\t\t\t<legend class=\"beley-pdq-legend\">7. \u00cen ultimele 24 de ore, ce nivel de durere sau disconfort a\u021bi resim\u021bit la nivelul penisului atunci c\u00e2nd acesta NU era \u00een erec\u021bie?<\/legend>\n\t\t\t\t\t\t<div class=\"beley-pdq-scale-row\">\n\t\t\t\t\t\t\t<span class=\"beley-pdq-scale-min\">F\u0103r\u0103 durere sau disconfort<\/span>\n\t\t\t\t\t\t\t<div class=\"beley-pdq-slider-wrap\">\n\t\t\t\t\t\t\t\t<input type=\"range\" id=\"beley_pdq_q7_slider\" name=\"beley_pdq_q7\" min=\"0\" max=\"10\" value=\"0\" aria-valuemin=\"0\" aria-valuemax=\"10\" aria-valuenow=\"0\">\n\t\t\t\t\t\t\t\t<output for=\"beley_pdq_q7_slider\" class=\"beley-pdq-slider-value\" aria-live=\"polite\">0<\/output>\n\t\t\t\t\t\t\t<\/div>\n\t\t\t\t\t\t\t<span class=\"beley-pdq-scale-max\">Durere sau disconfort extrem<\/span>\n\t\t\t\t\t\t<\/div>\n\t\t\t\t\t<\/fieldset>\n\t\t\t\t\t<fieldset class=\"beley-pdq-fieldset\">\n\t\t\t\t\t\t<legend class=\"beley-pdq-legend\">8. G\u00e2ndindu-v\u0103 la ULTIMA DAT\u0102 c\u00e2nd a\u021bi avut o erec\u021bie, ce nivel de durere sau disconfort a\u021bi sim\u021bit la nivelul penisului c\u00e2nd era \u00een erec\u021bie?<\/legend>\n\t\t\t\t\t\t<div class=\"beley-pdq-scale-row\">\n\t\t\t\t\t\t\t<span class=\"beley-pdq-scale-min\">F\u0103r\u0103 durere sau disconfort<\/span>\n\t\t\t\t\t\t\t<div class=\"beley-pdq-slider-wrap\">\n\t\t\t\t\t\t\t\t<input type=\"range\" id=\"beley_pdq_q8_slider\" name=\"beley_pdq_q8\" min=\"0\" max=\"10\" value=\"0\" aria-valuemin=\"0\" aria-valuemax=\"10\" aria-valuenow=\"0\">\n\t\t\t\t\t\t\t\t<output for=\"beley_pdq_q8_slider\" class=\"beley-pdq-slider-value\" aria-live=\"polite\">0<\/output>\n\t\t\t\t\t\t\t<\/div>\n\t\t\t\t\t\t\t<span class=\"beley-pdq-scale-max\">Durere sau disconfort extrem<\/span>\n\t\t\t\t\t\t<\/div>\n\t\t\t\t\t<\/fieldset>\n\t\t\t\t\t<fieldset class=\"beley-pdq-fieldset\">\n\t\t\t\t\t\t<legend class=\"beley-pdq-legend\">9. G\u00e2ndindu-v\u0103 la ULTIMA DAT\u0102 c\u00e2nd a\u021bi avut sex cu penetrare vaginal\u0103, ce nivel de durere sau disconfort a\u021bi sim\u021bit la nivelul penisului \u00een timpul acelor \u00eent\u00e2lniri?<\/legend>\n\t\t\t\t\t\t<div class=\"beley-pdq-scale-row\">\n\t\t\t\t\t\t\t<span class=\"beley-pdq-scale-min\">F\u0103r\u0103 durere sau disconfort<\/span>\n\t\t\t\t\t\t\t<div class=\"beley-pdq-slider-wrap\">\n\t\t\t\t\t\t\t\t<input type=\"range\" id=\"beley_pdq_q9_slider\" name=\"beley_pdq_q9\" min=\"0\" max=\"10\" value=\"0\" aria-valuemin=\"0\" aria-valuemax=\"10\" aria-valuenow=\"0\">\n\t\t\t\t\t\t\t\t<output for=\"beley_pdq_q9_slider\" class=\"beley-pdq-slider-value\" aria-live=\"polite\">0<\/output>\n\t\t\t\t\t\t\t<\/div>\n\t\t\t\t\t\t\t<span class=\"beley-pdq-scale-max\">Durere sau disconfort extrem<\/span>\n\t\t\t\t\t\t<\/div>\n\t\t\t\t\t<\/fieldset>\n\n\t\t\t\t\t\n\t\t\t\t\t<fieldset class=\"beley-pdq-fieldset\">\n\t\t\t\t\t\t<legend class=\"beley-pdq-legend\">10. G\u00e2ndindu-v\u0103 la ULTIMA DAT\u0102 c\u00e2nd a\u021bi avut o erec\u021bie, c\u00e2t de deranjat a\u021bi fost de vreo durere sau disconfort la nivelul penisului \u00een erec\u021bie?<\/legend>\n\t\t\t\t\t\t<ul class=\"beley-pdq-options beley-pdq-options--block\">\n\t\t\t\t\t\t\t<li><label><input type=\"radio\" name=\"beley_pdq_q10\" value=\"aucun\"> Nu am sim\u021bit nicio durere sau disconfort de niciun fel.<\/label><\/li>\n\t\t\t\t\t\t\t\t\t\t\t\t\t\t\t<li><label><input type=\"radio\" name=\"beley_pdq_q10\" value=\"pas_du_tout\"> Deloc jenat\/\u0103<\/label><\/li>\n\t\t\t\t\t\t\t\t\t\t\t\t\t\t\t<li><label><input type=\"radio\" name=\"beley_pdq_q10\" value=\"un_peu\"> U\u0219or jenat<\/label><\/li>\n\t\t\t\t\t\t\t\t\t\t\t\t\t\t\t<li><label><input type=\"radio\" name=\"beley_pdq_q10\" value=\"moderement\"> Moderat jenat\/\u0103<\/label><\/li>\n\t\t\t\t\t\t\t\t\t\t\t\t\t\t\t<li><label><input type=\"radio\" name=\"beley_pdq_q10\" value=\"tres\"> Foarte jenat\/\u0103<\/label><\/li>\n\t\t\t\t\t\t\t\t\t\t\t\t\t\t\t<li><label><input type=\"radio\" name=\"beley_pdq_q10\" value=\"extremement\"> Extrem de jenat\/\u0103<\/label><\/li>\n\t\t\t\t\t\t\t\t\t\t\t\t\t<\/ul>\n\t\t\t\t\t<\/fieldset>\n\n\t\t\t\t\t<fieldset class=\"beley-pdq-fieldset\">\n\t\t\t\t\t\t<legend class=\"beley-pdq-legend\">11. G\u00e2ndindu-te la ULTIMA DAT\u0102 c\u00e2nd \u021bi-ai privit penisul erect, c\u00e2t de jenat te-a fost de aspectul lui?<\/legend>\n\t\t\t\t\t\t<ul class=\"beley-pdq-options beley-pdq-options--block\">\n\t\t\t\t\t\t\t\t\t\t\t\t\t\t\t<li><label><input type=\"radio\" name=\"beley_pdq_q11\" value=\"pas_du_tout\"> Deloc jenat\/\u0103<\/label><\/li>\n\t\t\t\t\t\t\t\t\t\t\t\t\t\t\t<li><label><input type=\"radio\" name=\"beley_pdq_q11\" value=\"un_peu\"> U\u0219or jenat<\/label><\/li>\n\t\t\t\t\t\t\t\t\t\t\t\t\t\t\t<li><label><input type=\"radio\" name=\"beley_pdq_q11\" value=\"moderement\"> Moderat jenat\/\u0103<\/label><\/li>\n\t\t\t\t\t\t\t\t\t\t\t\t\t\t\t<li><label><input type=\"radio\" name=\"beley_pdq_q11\" value=\"tres\"> Foarte jenat\/\u0103<\/label><\/li>\n\t\t\t\t\t\t\t\t\t\t\t\t\t\t\t<li><label><input type=\"radio\" name=\"beley_pdq_q11\" value=\"extremement\"> Extrem de jenat\/\u0103<\/label><\/li>\n\t\t\t\t\t\t\t\t\t\t\t\t\t<\/ul>\n\t\t\t\t\t<\/fieldset>\n\n\t\t\t\t\t<fieldset class=\"beley-pdq-fieldset\">\n\t\t\t\t\t\t<legend class=\"beley-pdq-legend\">12. Boala Peyronie face ca actul sexual cu penetrare vaginal\u0103 s\u0103 fie dificil sau imposibil?<\/legend>\n\t\t\t\t\t\t<ul class=\"beley-pdq-options beley-pdq-options--inline\">\n\t\t\t\t\t\t\t<li><label><input type=\"radio\" name=\"beley_pdq_q12\" value=\"non\"> Nu<\/label><\/li>\n\t\t\t\t\t\t\t<li><label><input type=\"radio\" name=\"beley_pdq_q12\" value=\"oui\"> Da<\/label><\/li>\n\t\t\t\t\t\t<\/ul>\n\t\t\t\t\t<\/fieldset>\n\n\t\t\t\t\t<fieldset class=\"beley-pdq-fieldset beley-pdq-q13-wrap\" id=\"beley-pdq-q13-wrap\" hidden>\n\t\t\t\t\t\t<legend class=\"beley-pdq-legend\">13. G\u00e2ndindu-v\u0103 la ULTIMA DAT\u0102 c\u00e2nd a\u021bi avut sau a\u021bi \u00eencercat s\u0103 ave\u021bi un act sexual cu penetrare vaginal\u0103, c\u00e2t de mult v-a deranjat boala Peyronie?<\/legend>\n\t\t\t\t\t\t<ul class=\"beley-pdq-options beley-pdq-options--block\">\n\t\t\t\t\t\t\t\t\t\t\t\t\t\t\t<li><label><input type=\"radio\" name=\"beley_pdq_q13\" value=\"pas_du_tout\"> Deloc jenat\/\u0103<\/label><\/li>\n\t\t\t\t\t\t\t\t\t\t\t\t\t\t\t<li><label><input type=\"radio\" name=\"beley_pdq_q13\" value=\"un_peu\"> U\u0219or jenat<\/label><\/li>\n\t\t\t\t\t\t\t\t\t\t\t\t\t\t\t<li><label><input type=\"radio\" name=\"beley_pdq_q13\" value=\"moderement\"> Moderat jenat\/\u0103<\/label><\/li>\n\t\t\t\t\t\t\t\t\t\t\t\t\t\t\t<li><label><input type=\"radio\" name=\"beley_pdq_q13\" value=\"tres\"> Foarte jenat\/\u0103<\/label><\/li>\n\t\t\t\t\t\t\t\t\t\t\t\t\t\t\t<li><label><input type=\"radio\" name=\"beley_pdq_q13\" value=\"extremement\"> Extrem de jenat\/\u0103<\/label><\/li>\n\t\t\t\t\t\t\t\t\t\t\t\t\t<\/ul>\n\t\t\t\t\t<\/fieldset>\n\n\t\t\t\t\t<fieldset class=\"beley-pdq-fieldset\">\n\t\t\t\t\t\t<legend class=\"beley-pdq-legend\">14. Ai rela\u021bii sexuale cu penetrare vaginal\u0103 mai MAI PU\u021aIN DES dec\u00e2t \u00eenainte din cauza bolii Peyronie?<\/legend>\n\t\t\t\t\t\t<ul class=\"beley-pdq-options beley-pdq-options--inline\">\n\t\t\t\t\t\t\t<li><label><input type=\"radio\" name=\"beley_pdq_q14\" value=\"non\"> Nu<\/label><\/li>\n\t\t\t\t\t\t\t<li><label><input type=\"radio\" name=\"beley_pdq_q14\" value=\"oui\"> Da<\/label><\/li>\n\t\t\t\t\t\t<\/ul>\n\t\t\t\t\t<\/fieldset>\n\n\t\t\t\t\t<fieldset class=\"beley-pdq-fieldset beley-pdq-q15-wrap\" id=\"beley-pdq-q15-wrap\" hidden>\n\t\t\t\t\t\t<legend class=\"beley-pdq-legend\">15. \u00cen ce m\u0103sur\u0103 v\u0103 deranjeaz\u0103 faptul c\u0103 ave\u021bi rela\u021bii sexuale mai pu\u021bin frecvente cu penetrare vaginal\u0103?<\/legend>\n\t\t\t\t\t\t<ul class=\"beley-pdq-options beley-pdq-options--block\">\n\t\t\t\t\t\t\t\t\t\t\t\t\t\t\t<li><label><input type=\"radio\" name=\"beley_pdq_q15\" value=\"pas_du_tout\"> Deloc jenat\/\u0103<\/label><\/li>\n\t\t\t\t\t\t\t\t\t\t\t\t\t\t\t<li><label><input type=\"radio\" name=\"beley_pdq_q15\" value=\"un_peu\"> U\u0219or jenat<\/label><\/li>\n\t\t\t\t\t\t\t\t\t\t\t\t\t\t\t<li><label><input type=\"radio\" name=\"beley_pdq_q15\" value=\"moderement\"> Moderat jenat\/\u0103<\/label><\/li>\n\t\t\t\t\t\t\t\t\t\t\t\t\t\t\t<li><label><input type=\"radio\" name=\"beley_pdq_q15\" value=\"tres\"> Foarte jenat\/\u0103<\/label><\/li>\n\t\t\t\t\t\t\t\t\t\t\t\t\t\t\t<li><label><input type=\"radio\" name=\"beley_pdq_q15\" value=\"extremement\"> Extrem de jenat\/\u0103<\/label><\/li>\n\t\t\t\t\t\t\t\t\t\t\t\t\t<\/ul>\n\t\t\t\t\t<\/fieldset>\n\n\t\t\t\t\t<p class=\"beley-pdq-actions\">\n\t\t\t\t\t\t<button type=\"button\" class=\"beley-pdq-btn beley-pdq-btn--submit\" id=\"beley-pdq-finish\">Completa\u021bi chestionarul<\/button>\n\t\t\t\t\t<\/p>\n\t\t\t\t<\/div>\n\t\t\t<\/form>\n\n\t\t\t<div class=\"beley-pdq-result\" id=\"beley-pdq-result\" hidden>\n\t\t\t\t<h3 class=\"beley-pdq-result-title\">MUL\u0162UMESC<\/h3>\n\t\t\t\t<p class=\"beley-pdq-result-text\">A\u021bi terminat de completat acest chestionar. Pentru a discuta despre acesta cu un specialist \u0219i a lua \u00een considerare tratamentul adecvat, v\u0103 rug\u0103m s\u0103 nu ezita\u021bi s\u0103 programa\u021bi o \u00eent\u00e2lnire. <\/p>\n\t\t\t\t<div class=\"beley-pdq-result-cta\">\n\t\t\t\t\t<a href=\"https:\/\/www.doctolib.fr\/chirurgien-urologue\/paris\/sebastien-beley\" class=\"beley-pdq-btn beley-pdq-btn--primary\" target=\"_blank\" rel=\"noopener noreferrer\">Programeaz\u0103 o consulta\u021bie<\/a>\n\t\t\t\t\t<a href=\"https:\/\/www.beleyurologie.fr\/rdv-chirurgie-urologique-sebastien-beley\" class=\"beley-pdq-btn beley-pdq-btn--secondary\" target=\"_blank\" rel=\"noopener noreferrer\">Consulta\u021bie la chirurgia urologic\u0103<\/a>\n\t\t\t\t<\/div>\n\t\t\t<\/div>\n\t\t<\/div>\n\t<\/div>\n\n\t<script>\n\t(function() {\n\t\tvar form = document.getElementById('beley-pdq-form');\n\t\tvar rapports = form.querySelectorAll('input[name=\"beley_pdq_rapports\"]');\n\t\tvar optionalBlock = document.getElementById('beley-pdq-optional');\n\t\tvar q13Wrap = document.getElementById('beley-pdq-q13-wrap');\n\t\tvar q15Wrap = document.getElementById('beley-pdq-q15-wrap');\n\t\tvar q12 = form.querySelectorAll('input[name=\"beley_pdq_q12\"]');\n\t\tvar q14 = form.querySelectorAll('input[name=\"beley_pdq_q14\"]');\n\t\tvar result = document.getElementById('beley-pdq-result');\n\n\t\tfunction setRapports() {\n\t\t\tvar v = form.querySelector('input[name=\"beley_pdq_rapports\"]:checked');\n\t\t\tif (!v || !optionalBlock) return;\n\t\t\toptionalBlock.hidden = v.value !== 'oui';\n\t\t}\n\t\tfunction setQ12() {\n\t\t\tvar v = form.querySelector('input[name=\"beley_pdq_q12\"]:checked');\n\t\t\tq13Wrap.hidden = !v || v.value !== 'oui';\n\t\t}\n\t\tfunction setQ14() {\n\t\t\tvar v = form.querySelector('input[name=\"beley_pdq_q14\"]:checked');\n\t\t\tq15Wrap.hidden = !v || v.value !== 'oui';\n\t\t}\n\t\trapports.forEach(function(r) { r.addEventListener('change', setRapports); });\n\t\tq12.forEach(function(r) { r.addEventListener('change', setQ12); });\n\t\tq14.forEach(function(r) { r.addEventListener('change', setQ14); });\n\t\tsetRapports();\n\n\t\t[ 'beley_pdq_q7_slider', 'beley_pdq_q8_slider', 'beley_pdq_q9_slider' ].forEach(function(id) {\n\t\t\tvar slider = document.getElementById(id);\n\t\t\tvar output = form.querySelector('output[for=\"' + id + '\"]');\n\t\t\tif (slider && output) {\n\t\t\t\tslider.addEventListener('input', function() {\n\t\t\t\t\toutput.textContent = slider.value;\n\t\t\t\t\tslider.setAttribute('aria-valuenow', slider.value);\n\t\t\t\t});\n\t\t\t}\n\t\t});\n\n\t\tdocument.getElementById('beley-pdq-finish').addEventListener('click', function() {\n\t\t\tresult.hidden = false;\n\t\t\tresult.scrollIntoView({ behavior: 'smooth', block: 'nearest' });\n\t\t});\n\t})();\n\t<\/script>\n\t\n\n\n\n<p><\/p>\n","protected":false},"excerpt":{"rendered":"","protected":false},"author":1,"featured_media":0,"parent":0,"menu_order":0,"comment_status":"closed","ping_status":"closed","template":"elementor_theme","meta":{"footnotes":""},"class_list":["post-5017","page","type-page","status-publish","hentry"],"_links":{"self":[{"href":"https:\/\/www.beleyurologie.fr\/ro\/wp-json\/wp\/v2\/pages\/5017","targetHints":{"allow":["GET"]}}],"collection":[{"href":"https:\/\/www.beleyurologie.fr\/ro\/wp-json\/wp\/v2\/pages"}],"about":[{"href":"https:\/\/www.beleyurologie.fr\/ro\/wp-json\/wp\/v2\/types\/page"}],"author":[{"embeddable":true,"href":"https:\/\/www.beleyurologie.fr\/ro\/wp-json\/wp\/v2\/users\/1"}],"replies":[{"embeddable":true,"href":"https:\/\/www.beleyurologie.fr\/ro\/wp-json\/wp\/v2\/comments?post=5017"}],"version-history":[{"count":1,"href":"https:\/\/www.beleyurologie.fr\/ro\/wp-json\/wp\/v2\/pages\/5017\/revisions"}],"predecessor-version":[{"id":5019,"href":"https:\/\/www.beleyurologie.fr\/ro\/wp-json\/wp\/v2\/pages\/5017\/revisions\/5019"}],"wp:attachment":[{"href":"https:\/\/www.beleyurologie.fr\/ro\/wp-json\/wp\/v2\/media?parent=5017"}],"curies":[{"name":"wp","href":"https:\/\/api.w.org\/{rel}","templated":true}]}}