{"id":4959,"date":"2024-12-12T14:36:34","date_gmt":"2024-12-12T13:36:34","guid":{"rendered":"https:\/\/www.beleyurologie.fr\/injectie-cu-prp-pentru-boala-peyronie"},"modified":"2026-03-12T06:25:15","modified_gmt":"2026-03-12T05:25:15","slug":"injectie-cu-prp-pentru-boala-peyronie","status":"publish","type":"page","link":"https:\/\/www.beleyurologie.fr\/ro\/expertiza\/injectie-cu-prp-pentru-boala-peyronie","title":{"rendered":"Injec\u021bie cu PRP pentru boala Peyronie"},"content":{"rendered":"\t\t<div data-elementor-type=\"wp-page\" data-elementor-id=\"4959\" class=\"elementor elementor-4959 elementor-257\" data-elementor-post-type=\"page\">\n\t\t\t\t<div class=\"elementor-element elementor-element-1adaf801 e-flex e-con-boxed e-con e-parent\" data-id=\"1adaf801\" data-element_type=\"container\" data-e-type=\"container\" data-settings=\"{&quot;background_background&quot;:&quot;classic&quot;}\">\n\t\t\t\t\t<div class=\"e-con-inner\">\n\t\t\t\t<div class=\"elementor-element elementor-element-1ce220f9 elementor-widget elementor-widget-heading\" data-id=\"1ce220f9\" data-element_type=\"widget\" data-e-type=\"widget\" data-widget_type=\"heading.default\">\n\t\t\t\t<div class=\"elementor-widget-container\">\n\t\t\t\t\t<h1 class=\"elementor-heading-title elementor-size-default\">Injec\u021bie cu PRP pentru tratamentul bolii Peyronie<\/h1>\t\t\t\t<\/div>\n\t\t\t\t<\/div>\n\t\t\t\t<div class=\"elementor-element elementor-element-6fbed741 elementor-widget elementor-widget-text-editor\" data-id=\"6fbed741\" data-element_type=\"widget\" data-e-type=\"widget\" data-widget_type=\"text-editor.default\">\n\t\t\t\t<div class=\"elementor-widget-container\">\n\t\t\t\t\t\t\t\t\t<a href=\"\/\">Bun venit \/ <\/a>Injec\u021bie cu PRP pentru boala Peyronie\t\t\t\t\t\t\t\t<\/div>\n\t\t\t\t<\/div>\n\t\t\t\t\t<\/div>\n\t\t\t\t<\/div>\n\t\t<div class=\"elementor-element elementor-element-3f9b88d2 e-flex e-con-boxed e-con e-parent\" data-id=\"3f9b88d2\" data-element_type=\"container\" data-e-type=\"container\">\n\t\t\t\t\t<div class=\"e-con-inner\">\n\t\t<div class=\"elementor-element elementor-element-62627a52 e-con-full animated-slow e-flex elementor-invisible e-con e-child\" data-id=\"62627a52\" data-element_type=\"container\" data-e-type=\"container\" data-settings=\"{&quot;animation&quot;:&quot;fadeInUp&quot;}\">\n\t\t\t\t<div class=\"elementor-element elementor-element-78b8686f elementor-widget elementor-widget-image\" data-id=\"78b8686f\" data-element_type=\"widget\" data-e-type=\"widget\" data-widget_type=\"image.default\">\n\t\t\t\t<div class=\"elementor-widget-container\">\n\t\t\t\t\t\t\t\t\t\t\t\t\t\t\t<img decoding=\"async\" width=\"667\" height=\"1000\" src=\"https:\/\/www.beleyurologie.fr\/wp-content\/uploads\/2025\/01\/benchtop-beauty-equipment-used-for-skin-rejuvenati-2024-10-21-19-18-24-utc.jpg\" class=\"attachment-full size-full wp-image-5124\" alt=\"Equipement pour centrifugation pour pr\u00e9paration du PRP, bocox, p-shot, rdv m\u00e9dical\" srcset=\"https:\/\/www.beleyurologie.fr\/wp-content\/uploads\/2025\/01\/benchtop-beauty-equipment-used-for-skin-rejuvenati-2024-10-21-19-18-24-utc.jpg 667w, https:\/\/www.beleyurologie.fr\/wp-content\/uploads\/2025\/01\/benchtop-beauty-equipment-used-for-skin-rejuvenati-2024-10-21-19-18-24-utc-200x300.jpg 200w\" sizes=\"(max-width: 667px) 100vw, 667px\" \/>\t\t\t\t\t\t\t\t\t\t\t\t\t\t\t<\/div>\n\t\t\t\t<\/div>\n\t\t\t\t<\/div>\n\t\t<div class=\"elementor-element elementor-element-633c96ed e-con-full e-flex e-con e-child\" data-id=\"633c96ed\" data-element_type=\"container\" data-e-type=\"container\">\n\t\t\t\t<div class=\"elementor-element elementor-element-2681ed62 elementor-widget elementor-widget-heading\" data-id=\"2681ed62\" data-element_type=\"widget\" data-e-type=\"widget\" data-widget_type=\"heading.default\">\n\t\t\t\t<div class=\"elementor-widget-container\">\n\t\t\t\t\t<h2 class=\"elementor-heading-title elementor-size-default\">O abordare inovatoare pentru tratarea curburii peniene<\/h2>\t\t\t\t<\/div>\n\t\t\t\t<\/div>\n\t\t\t\t<div class=\"elementor-element elementor-element-26ef2b30 elementor-widget elementor-widget-text-editor\" data-id=\"26ef2b30\" data-element_type=\"widget\" data-e-type=\"widget\" data-widget_type=\"text-editor.default\">\n\t\t\t\t<div class=\"elementor-widget-container\">\n\t\t\t\t\t\t\t\t\t<p data-start=\"293\" data-end=\"505\">Boala Peyronie este o afec\u021biune caracterizat\u0103 prin formarea de pl\u0103ci fibroase care duc la o <strong data-start=\"410\" data-end=\"440\">curbur\u0103 anormal\u0103 a penisului<\/strong> , put\u00e2nd provoca durere \u0219i disfunc\u021bie erectil\u0103.<\/p><p data-start=\"507\" data-end=\"703\"><strong data-start=\"511\" data-end=\"561\">Injec\u021biile cu plasm\u0103 \u00eembog\u0103\u021bit\u0103 cu trombocite (PRP)<\/strong> ofer\u0103 o solu\u021bie natural\u0103 \u0219i eficient\u0103 pentru reducerea fibrozei, \u00eembun\u0103t\u0103\u021birea elasticit\u0103\u021bii \u021besuturilor \u0219i limitarea progresiei bolii.<\/p>\t\t\t\t\t\t\t\t<\/div>\n\t\t\t\t<\/div>\n\t\t<div class=\"elementor-element elementor-element-29a70171 e-con-full e-flex e-con e-child\" data-id=\"29a70171\" data-element_type=\"container\" data-e-type=\"container\">\n\t\t\t\t<div class=\"elementor-element elementor-element-7d0b1d8f elementor-widget elementor-widget-icon-box\" data-id=\"7d0b1d8f\" data-element_type=\"widget\" data-e-type=\"widget\" data-widget_type=\"icon-box.default\">\n\t\t\t\t<div class=\"elementor-widget-container\">\n\t\t\t\t\t\t\t<div class=\"elementor-icon-box-wrapper\">\n\n\t\t\t\n\t\t\t\t\t\t<div class=\"elementor-icon-box-content\">\n\n\t\t\t\t\t\t\t\t\t<h3 class=\"elementor-icon-box-title\">\n\t\t\t\t\t\t<span  >\n\t\t\t\t\t\t\tBeneficiile tratamentului PRP\t\t\t\t\t\t<\/span>\n\t\t\t\t\t<\/h3>\n\t\t\t\t\n\t\t\t\t\t\t\t\t\t<p class=\"elementor-icon-box-description\">\n\t\t\t\t\t\t<b>O abordare regenerativ\u0103 \u0219i neinvaziv\u0103 care promoveaz\u0103 repararea \u021besuturilor \u0219i \u00eembun\u0103t\u0103\u021be\u0219te calitatea vie\u021bii pacien\u021bilor cu boala Peyronie:<\/b><br> \u2714 Reducerea pl\u0103cilor fibroase \u0219i \u00eembun\u0103t\u0103\u021birea elasticit\u0103\u021bii \u021besuturilor<br> \u2714 Reducerea curburii peniene prin promovarea regener\u0103rii celulare<br> \u2714 Erec\u021bii \u00eembun\u0103t\u0103\u021bite datorit\u0103 unui flux sanguin mai bun<br> \u2714 Tratament natural \u0219i nechirurgical cu risc sc\u0103zut de efecte secundare<br>\t\t\t\t\t<\/p>\n\t\t\t\t\n\t\t\t<\/div>\n\t\t\t\n\t\t<\/div>\n\t\t\t\t\t\t<\/div>\n\t\t\t\t<\/div>\n\t\t\t\t<div class=\"elementor-element elementor-element-25ce3864 elementor-widget elementor-widget-icon-box\" data-id=\"25ce3864\" data-element_type=\"widget\" data-e-type=\"widget\" data-widget_type=\"icon-box.default\">\n\t\t\t\t<div class=\"elementor-widget-container\">\n\t\t\t\t\t\t\t<div class=\"elementor-icon-box-wrapper\">\n\n\t\t\t\n\t\t\t\t\t\t<div class=\"elementor-icon-box-content\">\n\n\t\t\t\t\t\t\t\t\t<h3 class=\"elementor-icon-box-title\">\n\t\t\t\t\t\t<span  >\n\t\t\t\t\t\t\tProcedura de operare\t\t\t\t\t\t<\/span>\n\t\t\t\t\t<\/h3>\n\t\t\t\t\n\t\t\t\t\t\t\t\t\t<p class=\"elementor-icon-box-description\">\n\t\t\t\t\t\t<b>Ce se \u00eent\u00e2mpl\u0103 \u00een timpul unei sesiuni de injec\u021bie cu PRP?<\/b><br> Tratamentul implic\u0103 mai mul\u021bi pa\u0219i:<br> 1\ufe0f\u20e3 Prob\u0103 de s\u00e2nge a pacientului<br> 2\ufe0f\u20e3 Centrifugare pentru izolarea PRP-ului<br> 3\ufe0f\u20e3 Injectarea de PRP direct \u00een pl\u0103cile \u0219i \u021besuturile afectate<br> 4\ufe0f\u20e3 Utilizarea unei pompe peniene pentru a maximiza absorb\u021bia PRP \u0219i a optimiza rezultatele\t\t\t\t\t<\/p>\n\t\t\t\t\n\t\t\t<\/div>\n\t\t\t\n\t\t<\/div>\n\t\t\t\t\t\t<\/div>\n\t\t\t\t<\/div>\n\t\t\t\t<\/div>\n\t\t\t\t<\/div>\n\t\t\t\t\t<\/div>\n\t\t\t\t<\/div>\n\t\t<div class=\"elementor-element elementor-element-4db39a49 e-flex e-con-boxed e-con e-parent\" data-id=\"4db39a49\" data-element_type=\"container\" data-e-type=\"container\" data-settings=\"{&quot;background_background&quot;:&quot;classic&quot;}\">\n\t\t\t\t\t<div class=\"e-con-inner\">\n\t\t<div class=\"elementor-element elementor-element-ad20e8b e-con-full e-flex e-con e-child\" data-id=\"ad20e8b\" data-element_type=\"container\" data-e-type=\"container\" data-settings=\"{&quot;background_background&quot;:&quot;classic&quot;}\">\n\t\t<div class=\"elementor-element elementor-element-61379214 e-con-full e-flex elementor-invisible e-con e-child\" data-id=\"61379214\" data-element_type=\"container\" data-e-type=\"container\" data-settings=\"{&quot;animation&quot;:&quot;fadeInUp&quot;}\">\n\t\t\t\t<div class=\"elementor-element elementor-element-2513cc76 elementor-widget elementor-widget-image\" data-id=\"2513cc76\" data-element_type=\"widget\" data-e-type=\"widget\" data-widget_type=\"image.default\">\n\t\t\t\t<div class=\"elementor-widget-container\">\n\t\t\t\t\t\t\t\t\t\t\t\t\t\t\t<img decoding=\"async\" width=\"790\" height=\"1000\" src=\"https:\/\/www.beleyurologie.fr\/wp-content\/uploads\/2025\/01\/prp-platelet-rich-fibrin-therapy-2023-11-27-05-25-07-utc.jpg\" class=\"attachment-full size-full wp-image-5130\" alt=\"PRP pour injection scrotox\" srcset=\"https:\/\/www.beleyurologie.fr\/wp-content\/uploads\/2025\/01\/prp-platelet-rich-fibrin-therapy-2023-11-27-05-25-07-utc.jpg 790w, https:\/\/www.beleyurologie.fr\/wp-content\/uploads\/2025\/01\/prp-platelet-rich-fibrin-therapy-2023-11-27-05-25-07-utc-237x300.jpg 237w, https:\/\/www.beleyurologie.fr\/wp-content\/uploads\/2025\/01\/prp-platelet-rich-fibrin-therapy-2023-11-27-05-25-07-utc-768x972.jpg 768w\" sizes=\"(max-width: 790px) 100vw, 790px\" \/>\t\t\t\t\t\t\t\t\t\t\t\t\t\t\t<\/div>\n\t\t\t\t<\/div>\n\t\t\t\t<\/div>\n\t\t<div class=\"elementor-element elementor-element-dcbb7d9 e-con-full e-flex e-con e-child\" data-id=\"dcbb7d9\" data-element_type=\"container\" data-e-type=\"container\">\n\t\t\t\t<div class=\"elementor-element elementor-element-64ec5d23 elementor-widget elementor-widget-heading\" data-id=\"64ec5d23\" data-element_type=\"widget\" data-e-type=\"widget\" data-widget_type=\"heading.default\">\n\t\t\t\t<div class=\"elementor-widget-container\">\n\t\t\t\t\t<h2 class=\"elementor-heading-title elementor-size-default\">De ce s\u0103 alege\u021bi injec\u021biile cu PRP pentru boala Peyronie?<\/h2>\t\t\t\t<\/div>\n\t\t\t\t<\/div>\n\t\t\t\t<div class=\"elementor-element elementor-element-6fb55257 elementor-widget elementor-widget-text-editor\" data-id=\"6fb55257\" data-element_type=\"widget\" data-e-type=\"widget\" data-widget_type=\"text-editor.default\">\n\t\t\t\t<div class=\"elementor-widget-container\">\n\t\t\t\t\t\t\t\t\t<p>PRP este o alternativ\u0103 interesant\u0103 la tratamentele tradi\u021bionale, \u00een special pentru pacien\u021bii afla\u021bi \u00een stadiile incipiente sau intermediare ale bolii.<\/p><p>Injec\u021biile cu PRP sunt indicate \u00een special pentru:<\/p>\t\t\t\t\t\t\t\t<\/div>\n\t\t\t\t<\/div>\n\t\t\t\t<div class=\"elementor-element elementor-element-64ea13e3 elementor-icon-list--layout-traditional elementor-list-item-link-full_width elementor-widget elementor-widget-icon-list\" data-id=\"64ea13e3\" data-element_type=\"widget\" data-e-type=\"widget\" data-widget_type=\"icon-list.default\">\n\t\t\t\t<div class=\"elementor-widget-container\">\n\t\t\t\t\t\t\t<ul class=\"elementor-icon-list-items\">\n\t\t\t\t\t\t\t<li class=\"elementor-icon-list-item\">\n\t\t\t\t\t\t\t\t\t\t\t<span class=\"elementor-icon-list-icon\">\n\t\t\t\t\t\t\t<svg aria-hidden=\"true\" class=\"e-font-icon-svg e-fas-chevron-right\" viewBox=\"0 0 320 512\" xmlns=\"http:\/\/www.w3.org\/2000\/svg\"><path d=\"M285.476 272.971L91.132 467.314c-9.373 9.373-24.569 9.373-33.941 0l-22.667-22.667c-9.357-9.357-9.375-24.522-.04-33.901L188.505 256 34.484 101.255c-9.335-9.379-9.317-24.544.04-33.901l22.667-22.667c9.373-9.373 24.569-9.373 33.941 0L285.475 239.03c9.373 9.372 9.373 24.568.001 33.941z\"><\/path><\/svg>\t\t\t\t\t\t<\/span>\n\t\t\t\t\t\t\t\t\t\t<span class=\"elementor-icon-list-text\">Reduce durerea \u0219i inflama\u021bia asociate cu pl\u0103cile fibroase<\/span>\n\t\t\t\t\t\t\t\t\t<\/li>\n\t\t\t\t\t\t\t\t<li class=\"elementor-icon-list-item\">\n\t\t\t\t\t\t\t\t\t\t\t<span class=\"elementor-icon-list-icon\">\n\t\t\t\t\t\t\t<svg aria-hidden=\"true\" class=\"e-font-icon-svg e-fas-chevron-right\" viewBox=\"0 0 320 512\" xmlns=\"http:\/\/www.w3.org\/2000\/svg\"><path d=\"M285.476 272.971L91.132 467.314c-9.373 9.373-24.569 9.373-33.941 0l-22.667-22.667c-9.357-9.357-9.375-24.522-.04-33.901L188.505 256 34.484 101.255c-9.335-9.379-9.317-24.544.04-33.901l22.667-22.667c9.373-9.373 24.569-9.373 33.941 0L285.475 239.03c9.373 9.372 9.373 24.568.001 33.941z\"><\/path><\/svg>\t\t\t\t\t\t<\/span>\n\t\t\t\t\t\t\t\t\t\t<span class=\"elementor-icon-list-text\">P\u0103streaz\u0103 func\u021bia erectil\u0103 \u0219i limiteaz\u0103 efectele curburii<\/span>\n\t\t\t\t\t\t\t\t\t<\/li>\n\t\t\t\t\t\t\t\t<li class=\"elementor-icon-list-item\">\n\t\t\t\t\t\t\t\t\t\t\t<span class=\"elementor-icon-list-icon\">\n\t\t\t\t\t\t\t<svg aria-hidden=\"true\" class=\"e-font-icon-svg e-fas-chevron-right\" viewBox=\"0 0 320 512\" xmlns=\"http:\/\/www.w3.org\/2000\/svg\"><path d=\"M285.476 272.971L91.132 467.314c-9.373 9.373-24.569 9.373-33.941 0l-22.667-22.667c-9.357-9.357-9.375-24.522-.04-33.901L188.505 256 34.484 101.255c-9.335-9.379-9.317-24.544.04-33.901l22.667-22.667c9.373-9.373 24.569-9.373 33.941 0L285.475 239.03c9.373 9.372 9.373 24.568.001 33.941z\"><\/path><\/svg>\t\t\t\t\t\t<\/span>\n\t\t\t\t\t\t\t\t\t\t<span class=\"elementor-icon-list-text\">\u00cembun\u0103t\u0103\u021be\u0219te flexibilitatea penisului \u0219i calitatea actului sexual<\/span>\n\t\t\t\t\t\t\t\t\t<\/li>\n\t\t\t\t\t\t\t\t<li class=\"elementor-icon-list-item\">\n\t\t\t\t\t\t\t\t\t\t\t<span class=\"elementor-icon-list-icon\">\n\t\t\t\t\t\t\t<svg aria-hidden=\"true\" class=\"e-font-icon-svg e-fas-chevron-right\" viewBox=\"0 0 320 512\" xmlns=\"http:\/\/www.w3.org\/2000\/svg\"><path d=\"M285.476 272.971L91.132 467.314c-9.373 9.373-24.569 9.373-33.941 0l-22.667-22.667c-9.357-9.357-9.375-24.522-.04-33.901L188.505 256 34.484 101.255c-9.335-9.379-9.317-24.544.04-33.901l22.667-22.667c9.373-9.373 24.569-9.373 33.941 0L285.475 239.03c9.373 9.372 9.373 24.568.001 33.941z\"><\/path><\/svg>\t\t\t\t\t\t<\/span>\n\t\t\t\t\t\t\t\t\t\t<span class=\"elementor-icon-list-text\">Evitarea sau am\u00e2narea interven\u021biei chirurgicale<\/span>\n\t\t\t\t\t\t\t\t\t<\/li>\n\t\t\t\t\t\t<\/ul>\n\t\t\t\t\t\t<\/div>\n\t\t\t\t<\/div>\n\t\t\t\t<\/div>\n\t\t\t\t<\/div>\n\t\t\t\t\t<\/div>\n\t\t\t\t<\/div>\n\t\t<div class=\"elementor-element elementor-element-1e4fd1f e-flex e-con-boxed e-con e-parent\" data-id=\"1e4fd1f\" data-element_type=\"container\" data-e-type=\"container\">\n\t\t\t\t\t<div class=\"e-con-inner\">\n\t\t\t\t<div class=\"elementor-element elementor-element-67421eb9 elementor-widget elementor-widget-heading\" data-id=\"67421eb9\" data-element_type=\"widget\" data-e-type=\"widget\" data-widget_type=\"heading.default\">\n\t\t\t\t<div class=\"elementor-widget-container\">\n\t\t\t\t\t<div class=\"elementor-heading-title elementor-size-default\">Expertiza dr. S\u00e9bastien Beley\n<\/div>\t\t\t\t<\/div>\n\t\t\t\t<\/div>\n\t\t\t\t<div class=\"elementor-element elementor-element-64cdae8f elementor-widget elementor-widget-heading\" data-id=\"64cdae8f\" data-element_type=\"widget\" data-e-type=\"widget\" data-widget_type=\"heading.default\">\n\t\t\t\t<div class=\"elementor-widget-container\">\n\t\t\t\t\t<h2 class=\"elementor-heading-title elementor-size-default\">Specialist \u00een urologie \u0219i tratamente inovatoare<\/h2>\t\t\t\t<\/div>\n\t\t\t\t<\/div>\n\t\t\t\t<div class=\"elementor-element elementor-element-4f266bc7 elementor-widget elementor-widget-text-editor\" data-id=\"4f266bc7\" data-element_type=\"widget\" data-e-type=\"widget\" data-widget_type=\"text-editor.default\">\n\t\t\t\t<div class=\"elementor-widget-container\">\n\t\t\t\t\t\t\t\t\t<p>Dr. S\u00e9bastien Beley ofer\u0103 asisten\u021b\u0103 pacien\u021bilor cu boala Peyronie de mul\u021bi ani. Printr-o abordare personalizat\u0103, ofer\u0103 solu\u021bii adaptate fiec\u0103rui caz \u00een parte pentru a le reda confortul \u0219i \u00eencrederea. <\/p>\t\t\t\t\t\t\t\t<\/div>\n\t\t\t\t<\/div>\n\t\t<div class=\"elementor-element elementor-element-5aa200f e-con-full e-flex e-con e-child\" data-id=\"5aa200f\" data-element_type=\"container\" data-e-type=\"container\">\n\t\t<div class=\"elementor-element elementor-element-28c280e4 e-con-full e-flex e-con e-child\" data-id=\"28c280e4\" data-element_type=\"container\" data-e-type=\"container\">\n\t\t\t\t<div class=\"elementor-element elementor-element-2bfaac15 elementor-widget elementor-widget-icon-box\" data-id=\"2bfaac15\" data-element_type=\"widget\" data-e-type=\"widget\" data-widget_type=\"icon-box.default\">\n\t\t\t\t<div class=\"elementor-widget-container\">\n\t\t\t\t\t\t\t<div class=\"elementor-icon-box-wrapper\">\n\n\t\t\t\n\t\t\t\t\t\t<div class=\"elementor-icon-box-content\">\n\n\t\t\t\t\t\t\t\t\t<div class=\"elementor-icon-box-title\">\n\t\t\t\t\t\t<span  >\n\t\t\t\t\t\t\t\u2714 Consultan\u021b\u0103 personalizat\u0103\t\t\t\t\t\t<\/span>\n\t\t\t\t\t<\/div>\n\t\t\t\t\n\t\t\t\t\n\t\t\t<\/div>\n\t\t\t\n\t\t<\/div>\n\t\t\t\t\t\t<\/div>\n\t\t\t\t<\/div>\n\t\t\t\t<\/div>\n\t\t<div class=\"elementor-element elementor-element-973b253 e-con-full e-flex e-con e-child\" data-id=\"973b253\" data-element_type=\"container\" data-e-type=\"container\">\n\t\t\t\t<div class=\"elementor-element elementor-element-43eff5c9 elementor-widget elementor-widget-icon-box\" data-id=\"43eff5c9\" data-element_type=\"widget\" data-e-type=\"widget\" data-widget_type=\"icon-box.default\">\n\t\t\t\t<div class=\"elementor-widget-container\">\n\t\t\t\t\t\t\t<div class=\"elementor-icon-box-wrapper\">\n\n\t\t\t\n\t\t\t\t\t\t<div class=\"elementor-icon-box-content\">\n\n\t\t\t\t\t\t\t\t\t<div class=\"elementor-icon-box-title\">\n\t\t\t\t\t\t<span  >\n\t\t\t\t\t\t\t\u2714 Tehnici de ultim\u0103 genera\u021bie pentru un tratament optimizat\t\t\t\t\t\t<\/span>\n\t\t\t\t\t<\/div>\n\t\t\t\t\n\t\t\t\t\n\t\t\t<\/div>\n\t\t\t\n\t\t<\/div>\n\t\t\t\t\t\t<\/div>\n\t\t\t\t<\/div>\n\t\t\t\t<\/div>\n\t\t<div class=\"elementor-element elementor-element-79c8ee15 e-con-full e-flex e-con e-child\" data-id=\"79c8ee15\" data-element_type=\"container\" data-e-type=\"container\">\n\t\t\t\t<div class=\"elementor-element elementor-element-306da962 elementor-widget elementor-widget-icon-box\" data-id=\"306da962\" data-element_type=\"widget\" data-e-type=\"widget\" data-widget_type=\"icon-box.default\">\n\t\t\t\t<div class=\"elementor-widget-container\">\n\t\t\t\t\t\t\t<div class=\"elementor-icon-box-wrapper\">\n\n\t\t\t\n\t\t\t\t\t\t<div class=\"elementor-icon-box-content\">\n\n\t\t\t\t\t\t\t\t\t<div class=\"elementor-icon-box-title\">\n\t\t\t\t\t\t<span  >\n\t\t\t\t\t\t\t\u2714 Urm\u0103rire post-tratament pentru maximizarea rezultatelor\t\t\t\t\t\t<\/span>\n\t\t\t\t\t<\/div>\n\t\t\t\t\n\t\t\t\t\n\t\t\t<\/div>\n\t\t\t\n\t\t<\/div>\n\t\t\t\t\t\t<\/div>\n\t\t\t\t<\/div>\n\t\t\t\t<\/div>\n\t\t\t\t<\/div>\n\t\t\t\t\t<\/div>\n\t\t\t\t<\/div>\n\t\t<div class=\"elementor-element elementor-element-7f38f8b e-flex e-con-boxed e-con e-parent\" data-id=\"7f38f8b\" data-element_type=\"container\" data-e-type=\"container\" data-settings=\"{&quot;background_background&quot;:&quot;classic&quot;}\">\n\t\t\t\t\t<div class=\"e-con-inner\">\n\t\t\t\t<div class=\"elementor-element elementor-element-da3e55a elementor-widget elementor-widget-heading\" data-id=\"da3e55a\" data-element_type=\"widget\" data-e-type=\"widget\" data-widget_type=\"heading.default\">\n\t\t\t\t<div class=\"elementor-widget-container\">\n\t\t\t\t\t<div class=\"elementor-heading-title elementor-size-default\">Despre<\/div>\t\t\t\t<\/div>\n\t\t\t\t<\/div>\n\t\t\t\t<div class=\"elementor-element elementor-element-a7b57c0 elementor-widget elementor-widget-heading\" data-id=\"a7b57c0\" data-element_type=\"widget\" data-e-type=\"widget\" data-widget_type=\"heading.default\">\n\t\t\t\t<div class=\"elementor-widget-container\">\n\t\t\t\t\t<h2 class=\"elementor-heading-title elementor-size-default\">C\u0103l\u0103toria pacientului<\/h2>\t\t\t\t<\/div>\n\t\t\t\t<\/div>\n\t\t\t\t<div class=\"elementor-element elementor-element-6b8baa2 elementor-widget__width-initial elementor-widget elementor-widget-text-editor\" data-id=\"6b8baa2\" data-element_type=\"widget\" data-e-type=\"widget\" data-widget_type=\"text-editor.default\">\n\t\t\t\t<div class=\"elementor-widget-container\">\n\t\t\t\t\t\t\t\t\t<p>Permite\u021bi-mi s\u0103 v\u0103 prezint parcursul tipic al unui pacient, abordarea mea \u00een <a href=\"https:\/\/www.beleyurologie.fr\/ro\/expertiza\">urologie<\/a> \u0219i modul \u00een care lucrez.<\/p>\t\t\t\t\t\t\t\t<\/div>\n\t\t\t\t<\/div>\n\t\t\t\t<div class=\"elementor-element elementor-element-81c2309 elementor-widget elementor-widget-video\" data-id=\"81c2309\" data-element_type=\"widget\" data-e-type=\"widget\" data-settings=\"{&quot;youtube_url&quot;:&quot;https:\\\/\\\/www.youtube.com\\\/watch?v=aKs3Yq-GVhY&quot;,&quot;video_type&quot;:&quot;youtube&quot;,&quot;controls&quot;:&quot;yes&quot;}\" data-widget_type=\"video.default\">\n\t\t\t\t<div class=\"elementor-widget-container\">\n\t\t\t\t\t\t\t<div class=\"elementor-wrapper elementor-open-inline\">\n\t\t\t<div class=\"elementor-video\"><\/div>\t\t<\/div>\n\t\t\t\t\t\t<\/div>\n\t\t\t\t<\/div>\n\t\t\t\t\t<\/div>\n\t\t\t\t<\/div>\n\t\t<div class=\"elementor-element elementor-element-1baf0fe e-flex e-con-boxed e-con e-parent\" data-id=\"1baf0fe\" data-element_type=\"container\" data-e-type=\"container\" data-settings=\"{&quot;background_background&quot;:&quot;classic&quot;}\">\n\t\t\t\t\t<div class=\"e-con-inner\">\n\t\t\t\t<div class=\"elementor-element elementor-element-ca218b3 elementor-widget elementor-widget-heading\" data-id=\"ca218b3\" data-element_type=\"widget\" data-e-type=\"widget\" data-widget_type=\"heading.default\">\n\t\t\t\t<div class=\"elementor-widget-container\">\n\t\t\t\t\t<h2 class=\"elementor-heading-title elementor-size-default\">Un prim pas c\u0103tre o solu\u021bie eficient\u0103<\/h2>\t\t\t\t<\/div>\n\t\t\t\t<\/div>\n\t\t\t\t<div class=\"elementor-element elementor-element-d2f6480 elementor-widget__width-initial elementor-widget elementor-widget-text-editor\" data-id=\"d2f6480\" data-element_type=\"widget\" data-e-type=\"widget\" data-widget_type=\"text-editor.default\">\n\t\t\t\t<div class=\"elementor-widget-container\">\n\t\t\t\t\t\t\t\t\t<p>Nu l\u0103sa boala Peyronie s\u0103 \u00ee\u021bi afecteze calitatea vie\u021bii. Interven\u021bia timpurie duce la rezultate mai bune \u0219i ajut\u0103 la evitarea complica\u021biilor. <\/p>\t\t\t\t\t\t\t\t<\/div>\n\t\t\t\t<\/div>\n\t\t<div class=\"elementor-element elementor-element-5521069 e-con-full e-flex e-con e-child\" data-id=\"5521069\" data-element_type=\"container\" data-e-type=\"container\">\n\t\t\t\t<div class=\"elementor-element elementor-element-c90c989 elementor-widget elementor-widget-button\" data-id=\"c90c989\" data-element_type=\"widget\" data-e-type=\"widget\" data-widget_type=\"button.default\">\n\t\t\t\t<div class=\"elementor-widget-container\">\n\t\t\t\t\t\t\t\t\t<div class=\"elementor-button-wrapper\">\n\t\t\t\t\t<a class=\"elementor-button elementor-button-link elementor-size-sm\" href=\"https:\/\/www.doctolib.fr\/chirurgien-urologue\/paris\/sebastien-beley\" target=\"_blank\" rel=\"noopener\">\n\t\t\t\t\t\t<span class=\"elementor-button-content-wrapper\">\n\t\t\t\t\t\t\t\t\t<span class=\"elementor-button-text\">programare de consulta\u021bie<\/span>\n\t\t\t\t\t<\/span>\n\t\t\t\t\t<\/a>\n\t\t\t\t<\/div>\n\t\t\t\t\t\t\t\t<\/div>\n\t\t\t\t<\/div>\n\t\t\t\t<div class=\"elementor-element elementor-element-5b70178 elementor-widget elementor-widget-button\" data-id=\"5b70178\" data-element_type=\"widget\" data-e-type=\"widget\" data-widget_type=\"button.default\">\n\t\t\t\t<div class=\"elementor-widget-container\">\n\t\t\t\t\t\t\t\t\t<div class=\"elementor-button-wrapper\">\n\t\t\t\t\t<a class=\"elementor-button elementor-button-link elementor-size-sm\" href=\"https:\/\/www.beleyurologie.fr\/ro\/consultatie-medicala\">\n\t\t\t\t\t\t<span class=\"elementor-button-content-wrapper\">\n\t\t\t\t\t\t\t\t\t<span class=\"elementor-button-text\">Programare pentru injec\u021bie<\/span>\n\t\t\t\t\t<\/span>\n\t\t\t\t\t<\/a>\n\t\t\t\t<\/div>\n\t\t\t\t\t\t\t\t<\/div>\n\t\t\t\t<\/div>\n\t\t\t\t<\/div>\n\t\t\t\t\t<\/div>\n\t\t\t\t<\/div>\n\t\t\t\t<\/div>\n\t\t","protected":false},"excerpt":{"rendered":"<p>Injec\u021bie cu PRP pentru tratamentul bolii Peyronie O abordare inovatoare pentru tratarea curburii peniene Boala Peyronie este o afec\u021biune caracterizat\u0103 prin formarea de pl\u0103ci fibroase care duc la o curbur\u0103 anormal\u0103 a penisului , put\u00e2nd provoca durere \u0219i disfunc\u021bie erectil\u0103. Injec\u021biile cu plasm\u0103 \u00eembog\u0103\u021bit\u0103 cu trombocite (PRP) ofer\u0103 o solu\u021bie natural\u0103 \u0219i eficient\u0103 pentru reducerea [&hellip;]<\/p>\n","protected":false},"author":1,"featured_media":0,"parent":4958,"menu_order":0,"comment_status":"closed","ping_status":"closed","template":"","meta":{"footnotes":""},"class_list":["post-4959","page","type-page","status-publish","hentry"],"_links":{"self":[{"href":"https:\/\/www.beleyurologie.fr\/ro\/wp-json\/wp\/v2\/pages\/4959","targetHints":{"allow":["GET"]}}],"collection":[{"href":"https:\/\/www.beleyurologie.fr\/ro\/wp-json\/wp\/v2\/pages"}],"about":[{"href":"https:\/\/www.beleyurologie.fr\/ro\/wp-json\/wp\/v2\/types\/page"}],"author":[{"embeddable":true,"href":"https:\/\/www.beleyurologie.fr\/ro\/wp-json\/wp\/v2\/users\/1"}],"replies":[{"embeddable":true,"href":"https:\/\/www.beleyurologie.fr\/ro\/wp-json\/wp\/v2\/comments?post=4959"}],"version-history":[{"count":2,"href":"https:\/\/www.beleyurologie.fr\/ro\/wp-json\/wp\/v2\/pages\/4959\/revisions"}],"predecessor-version":[{"id":4976,"href":"https:\/\/www.beleyurologie.fr\/ro\/wp-json\/wp\/v2\/pages\/4959\/revisions\/4976"}],"up":[{"embeddable":true,"href":"https:\/\/www.beleyurologie.fr\/ro\/wp-json\/wp\/v2\/pages\/4958"}],"wp:attachment":[{"href":"https:\/\/www.beleyurologie.fr\/ro\/wp-json\/wp\/v2\/media?parent=4959"}],"curies":[{"name":"wp","href":"https:\/\/api.w.org\/{rel}","templated":true}]}}