{"id":4958,"date":"2024-12-12T16:35:42","date_gmt":"2024-12-12T15:35:42","guid":{"rendered":"https:\/\/www.beleyurologie.fr\/expertiza"},"modified":"2026-03-12T06:25:15","modified_gmt":"2026-03-12T05:25:15","slug":"expertiza","status":"publish","type":"page","link":"https:\/\/www.beleyurologie.fr\/ro\/expertiza","title":{"rendered":"Expertiz\u0103"},"content":{"rendered":"\t\t<div data-elementor-type=\"wp-page\" data-elementor-id=\"4958\" class=\"elementor elementor-4958 elementor-304\" data-elementor-post-type=\"page\">\n\t\t\t\t<div class=\"elementor-element elementor-element-fd3add8 e-flex e-con-boxed e-con e-parent\" data-id=\"fd3add8\" data-element_type=\"container\" data-e-type=\"container\" data-settings=\"{&quot;background_background&quot;:&quot;classic&quot;}\">\n\t\t\t\t\t<div class=\"e-con-inner\">\n\t\t\t\t<div class=\"elementor-element elementor-element-3095a0a elementor-widget elementor-widget-heading\" data-id=\"3095a0a\" data-element_type=\"widget\" data-e-type=\"widget\" data-widget_type=\"heading.default\">\n\t\t\t\t<div class=\"elementor-widget-container\">\n\t\t\t\t\t<h1 class=\"elementor-heading-title elementor-size-default\">Domeniile mele de expertiz\u0103<\/h1>\t\t\t\t<\/div>\n\t\t\t\t<\/div>\n\t\t\t\t<div class=\"elementor-element elementor-element-07325b9 elementor-widget elementor-widget-text-editor\" data-id=\"07325b9\" data-element_type=\"widget\" data-e-type=\"widget\" data-widget_type=\"text-editor.default\">\n\t\t\t\t<div class=\"elementor-widget-container\">\n\t\t\t\t\t\t\t\t\t<a href=\"\/\">Bun venit \/ <\/a>Expertiz\u0103\t\t\t\t\t\t\t\t<\/div>\n\t\t\t\t<\/div>\n\t\t\t\t\t<\/div>\n\t\t\t\t<\/div>\n\t\t<div class=\"elementor-element elementor-element-0c18c11 e-flex e-con-boxed e-con e-parent\" data-id=\"0c18c11\" data-element_type=\"container\" data-e-type=\"container\">\n\t\t\t\t\t<div class=\"e-con-inner\">\n\t\t<div class=\"elementor-element elementor-element-5ab181c e-flex e-con-boxed e-con e-child\" data-id=\"5ab181c\" data-element_type=\"container\" data-e-type=\"container\">\n\t\t\t\t\t<div class=\"e-con-inner\">\n\t\t\t\t<div class=\"elementor-element elementor-element-888973b elementor-widget elementor-widget-heading\" data-id=\"888973b\" data-element_type=\"widget\" data-e-type=\"widget\" data-widget_type=\"heading.default\">\n\t\t\t\t<div class=\"elementor-widget-container\">\n\t\t\t\t\t<div class=\"elementor-heading-title elementor-size-default\">Domeniu de expertiz\u0103<\/div>\t\t\t\t<\/div>\n\t\t\t\t<\/div>\n\t\t\t\t<div class=\"elementor-element elementor-element-6a43b57 elementor-widget elementor-widget-heading\" data-id=\"6a43b57\" data-element_type=\"widget\" data-e-type=\"widget\" data-widget_type=\"heading.default\">\n\t\t\t\t<div class=\"elementor-widget-container\">\n\t\t\t\t\t<h2 class=\"elementor-heading-title elementor-size-default\">Domeniile mele de expertiz\u0103<\/h2>\t\t\t\t<\/div>\n\t\t\t\t<\/div>\n\t\t\t\t<div class=\"elementor-element elementor-element-0b7fdbd elementor-widget__width-initial elementor-widget elementor-widget-text-editor\" data-id=\"0b7fdbd\" data-element_type=\"widget\" data-e-type=\"widget\" data-widget_type=\"text-editor.default\">\n\t\t\t\t<div class=\"elementor-widget-container\">\n\t\t\t\t\t\t\t\t\t<p><strong>Prefer o abordare gradual\u0103<\/strong> , explor\u00e2nd \u00eentotdeauna mai \u00eent\u00e2i <strong>cele <a href=\"https:\/\/www.beleyurologie.fr\/besoin-dun-patient-urologie-sebastien-beley\">mai bl\u00e2nde op\u021biuni<\/a><\/strong> \u00eenainte de a lua \u00een considerare interven\u021bii mai complexe.<\/p>\t\t\t\t\t\t\t\t<\/div>\n\t\t\t\t<\/div>\n\t\t\t\t\t<\/div>\n\t\t\t\t<\/div>\n\t\t<div class=\"elementor-element elementor-element-0128a8c e-con-full e-grid e-con e-child\" data-id=\"0128a8c\" data-element_type=\"container\" data-e-type=\"container\">\n\t\t\t\t<div class=\"elementor-element elementor-element-c3e5b79 elementor-widget__width-initial elementor-widget-tablet__width-initial elementor-widget-mobile__width-inherit elementor-cta--skin-classic elementor-animated-content elementor-widget elementor-widget-call-to-action\" data-id=\"c3e5b79\" data-element_type=\"widget\" data-e-type=\"widget\" data-widget_type=\"call-to-action.default\">\n\t\t\t\t<div class=\"elementor-widget-container\">\n\t\t\t\t\t\t\t<a class=\"elementor-cta\" href=\"https:\/\/www.beleyurologie.fr\/urologue-expertise\/implant-penien-hydraulique\">\n\t\t\t\t\t<div class=\"elementor-cta__bg-wrapper\">\n\t\t\t\t<div class=\"elementor-cta__bg elementor-bg\" style=\"background-image: url(https:\/\/www.beleyurologie.fr\/wp-content\/uploads\/2025\/03\/Implant-penien-hydraulique-NB.jpg);\" role=\"img\" aria-label=\"Dessin illustrant Implant p\u00e9nien hydraulique, S\u00e9bastien Beley\"><\/div>\n\t\t\t\t<div class=\"elementor-cta__bg-overlay\"><\/div>\n\t\t\t<\/div>\n\t\t\t\t\t\t\t<div class=\"elementor-cta__content\">\n\t\t\t\t\n\t\t\t\t\t\t\t\t\t<h3 class=\"elementor-cta__title elementor-cta__content-item elementor-content-item\">\n\t\t\t\t\t\tInser\u021bia implantului penian hidraulic\t\t\t\t\t<\/h3>\n\t\t\t\t\n\t\t\t\t\t\t\t\t\t<div class=\"elementor-cta__description elementor-cta__content-item elementor-content-item\">\n\t\t\t\t\t\tDatorit\u0103 unui mecanism inovator, proteza hidraulic\u0103 imit\u0103 perfect o erec\u021bie natural\u0103, oferind discre\u021bie \u0219i confort.\t\t\t\t\t<\/div>\n\t\t\t\t\n\t\t\t\t\t\t\t<\/div>\n\t\t\t\t\t\t<\/a>\n\t\t\t\t\t\t<\/div>\n\t\t\t\t<\/div>\n\t\t\t\t<div class=\"elementor-element elementor-element-121dec1 elementor-widget__width-initial elementor-widget-tablet__width-initial elementor-widget-mobile__width-inherit elementor-cta--skin-classic elementor-animated-content elementor-widget elementor-widget-call-to-action\" data-id=\"121dec1\" data-element_type=\"widget\" data-e-type=\"widget\" data-widget_type=\"call-to-action.default\">\n\t\t\t\t<div class=\"elementor-widget-container\">\n\t\t\t\t\t\t\t<a class=\"elementor-cta\" href=\"https:\/\/www.beleyurologie.fr\/urologue-expertise\/implant-penien-parcours\">\n\t\t\t\t\t<div class=\"elementor-cta__bg-wrapper\">\n\t\t\t\t<div class=\"elementor-cta__bg elementor-bg\" style=\"background-image: url(https:\/\/www.beleyurologie.fr\/wp-content\/uploads\/2025\/03\/Implant-penien-malleable-NB.jpg);\" role=\"img\" aria-label=\"Dessin illustrant op\u00e9ration Implant p\u00e9nien mall\u00e9able\"><\/div>\n\t\t\t\t<div class=\"elementor-cta__bg-overlay\"><\/div>\n\t\t\t<\/div>\n\t\t\t\t\t\t\t<div class=\"elementor-cta__content\">\n\t\t\t\t\n\t\t\t\t\t\t\t\t\t<h3 class=\"elementor-cta__title elementor-cta__content-item elementor-content-item\">\n\t\t\t\t\t\tPlasarea unui implant penian maleabil\t\t\t\t\t<\/h3>\n\t\t\t\t\n\t\t\t\t\t\t\t\t\t<div class=\"elementor-cta__description elementor-cta__content-item elementor-content-item\">\n\t\t\t\t\t\tO solu\u021bie fiabil\u0103 pentru a rec\u00e2\u0219tiga o erec\u021bie func\u021bional\u0103 \u00een cazurile de disfunc\u021bie erectil\u0103 sever\u0103.\t\t\t\t\t<\/div>\n\t\t\t\t\n\t\t\t\t\t\t\t<\/div>\n\t\t\t\t\t\t<\/a>\n\t\t\t\t\t\t<\/div>\n\t\t\t\t<\/div>\n\t\t\t\t<div class=\"elementor-element elementor-element-8e1a5f3 elementor-widget__width-initial elementor-widget-tablet__width-initial elementor-widget-mobile__width-inherit elementor-cta--skin-classic elementor-animated-content elementor-widget elementor-widget-call-to-action\" data-id=\"8e1a5f3\" data-element_type=\"widget\" data-e-type=\"widget\" data-widget_type=\"call-to-action.default\">\n\t\t\t\t<div class=\"elementor-widget-container\">\n\t\t\t\t\t\t\t<a class=\"elementor-cta\" href=\"https:\/\/www.beleyurologie.fr\/besoins-dun-patient-urologie-sebastien-beley\/maladie-de-lapeyronie\">\n\t\t\t\t\t<div class=\"elementor-cta__bg-wrapper\">\n\t\t\t\t<div class=\"elementor-cta__bg elementor-bg\" style=\"background-image: url(https:\/\/www.beleyurologie.fr\/wp-content\/uploads\/2025\/03\/Lapeyronie-NB.jpg);\" role=\"img\" aria-label=\"Dessin illustrant op\u00e9ration Lapeyronie\"><\/div>\n\t\t\t\t<div class=\"elementor-cta__bg-overlay\"><\/div>\n\t\t\t<\/div>\n\t\t\t\t\t\t\t<div class=\"elementor-cta__content\">\n\t\t\t\t\n\t\t\t\t\t\t\t\t\t<h3 class=\"elementor-cta__title elementor-cta__content-item elementor-content-item\">\n\t\t\t\t\t\tBoala Peyronie\t\t\t\t\t<\/h3>\n\t\t\t\t\n\t\t\t\t\t\t\t\t\t<div class=\"elementor-cta__description elementor-cta__content-item elementor-content-item\">\n\t\t\t\t\t\tExist\u0103 tratamente, de la injec\u021bii la solu\u021bii chirurgicale, pentru a rec\u00e2\u0219tiga func\u021bia sexual\u0103 optim\u0103 \u0219i un confort sporit \u00een via\u021ba de zi cu zi.\t\t\t\t\t<\/div>\n\t\t\t\t\n\t\t\t\t\t\t\t<\/div>\n\t\t\t\t\t\t<\/a>\n\t\t\t\t\t\t<\/div>\n\t\t\t\t<\/div>\n\t\t\t\t<div class=\"elementor-element elementor-element-cc7fba1 elementor-widget__width-initial elementor-widget-tablet__width-initial elementor-widget-mobile__width-inherit elementor-cta--skin-classic elementor-animated-content elementor-widget elementor-widget-call-to-action\" data-id=\"cc7fba1\" data-element_type=\"widget\" data-e-type=\"widget\" data-widget_type=\"call-to-action.default\">\n\t\t\t\t<div class=\"elementor-widget-container\">\n\t\t\t\t\t\t\t<a class=\"elementor-cta\" href=\"https:\/\/www.beleyurologie.fr\/urologue-expertise\/prp-pour-lapeyronie\">\n\t\t\t\t\t<div class=\"elementor-cta__bg-wrapper\">\n\t\t\t\t<div class=\"elementor-cta__bg elementor-bg\" style=\"background-image: url(https:\/\/www.beleyurologie.fr\/wp-content\/uploads\/2025\/01\/MG_8345.jpg);\" role=\"img\" aria-label=\"Livre d&#039;urologie sur le p\u00e9nis et l&#039;organe masculin, implant p\u00e9nien\"><\/div>\n\t\t\t\t<div class=\"elementor-cta__bg-overlay\"><\/div>\n\t\t\t<\/div>\n\t\t\t\t\t\t\t<div class=\"elementor-cta__content\">\n\t\t\t\t\n\t\t\t\t\t\t\t\t\t<h3 class=\"elementor-cta__title elementor-cta__content-item elementor-content-item\">\n\t\t\t\t\t\tInjec\u021bie cu PRP\t\t\t\t\t<\/h3>\n\t\t\t\t\n\t\t\t\t\t\t\t\t\t<div class=\"elementor-cta__description elementor-cta__content-item elementor-content-item\">\n\t\t\t\t\t\tPlasma \u00eembog\u0103\u021bit\u0103 cu trombocite (PRP) este utilizat\u0103 pentru a stimula regenerarea celular\u0103 \u0219i a promova vindecarea \u021besuturilor. O abordare natural\u0103 pentru tratarea anumitor afec\u021biuni urologice. \t\t\t\t\t<\/div>\n\t\t\t\t\n\t\t\t\t\t\t\t<\/div>\n\t\t\t\t\t\t<\/a>\n\t\t\t\t\t\t<\/div>\n\t\t\t\t<\/div>\n\t\t\t\t<div class=\"elementor-element elementor-element-b2773ee elementor-widget__width-initial elementor-widget-tablet__width-initial elementor-widget-mobile__width-inherit elementor-cta--skin-classic elementor-animated-content elementor-widget elementor-widget-call-to-action\" data-id=\"b2773ee\" data-element_type=\"widget\" data-e-type=\"widget\" data-widget_type=\"call-to-action.default\">\n\t\t\t\t<div class=\"elementor-widget-container\">\n\t\t\t\t\t\t\t<a class=\"elementor-cta\" href=\"https:\/\/www.beleyurologie.fr\/urologue-expertise\/p-shot-a-paris\">\n\t\t\t\t\t<div class=\"elementor-cta__bg-wrapper\">\n\t\t\t\t<div class=\"elementor-cta__bg elementor-bg\" style=\"background-image: url(https:\/\/www.beleyurologie.fr\/wp-content\/uploads\/2025\/01\/MG_8347B.jpg);\" role=\"img\" aria-label=\"Livre d&#039;urologie sur une coupe de p\u00e9nis et sur l&#039;organe masculin\"><\/div>\n\t\t\t\t<div class=\"elementor-cta__bg-overlay\"><\/div>\n\t\t\t<\/div>\n\t\t\t\t\t\t\t<div class=\"elementor-cta__content\">\n\t\t\t\t\n\t\t\t\t\t\t\t\t\t<h3 class=\"elementor-cta__title elementor-cta__content-item elementor-content-item\">\n\t\t\t\t\t\tInjec\u021bie cu PRP pentru erec\u021bii (P-Shot)\t\t\t\t\t<\/h3>\n\t\t\t\t\n\t\t\t\t\t\t\t\t\t<div class=\"elementor-cta__description elementor-cta__content-item elementor-content-item\">\n\t\t\t\t\t\tUn tratament inovator pe baz\u0103 de PRP pentru \u00eembun\u0103t\u0103\u021birea circula\u021biei s\u00e2ngelui \u0219i stimularea regener\u0103rii \u021besutului penian. Promoveaz\u0103 erec\u021bii mai ferme \u0219i mai durabile, f\u0103r\u0103 interven\u021bie chirurgical\u0103. \t\t\t\t\t<\/div>\n\t\t\t\t\n\t\t\t\t\t\t\t<\/div>\n\t\t\t\t\t\t<\/a>\n\t\t\t\t\t\t<\/div>\n\t\t\t\t<\/div>\n\t\t\t\t<div class=\"elementor-element elementor-element-093bb2f elementor-widget__width-initial elementor-widget-tablet__width-initial elementor-widget-mobile__width-inherit elementor-cta--skin-classic elementor-animated-content elementor-widget elementor-widget-call-to-action\" data-id=\"093bb2f\" data-element_type=\"widget\" data-e-type=\"widget\" data-widget_type=\"call-to-action.default\">\n\t\t\t\t<div class=\"elementor-widget-container\">\n\t\t\t\t\t\t\t<a class=\"elementor-cta\" href=\"https:\/\/www.beleyurologie.fr\/urologue-expertise\/traitement-ondes-de-choc\">\n\t\t\t\t\t<div class=\"elementor-cta__bg-wrapper\">\n\t\t\t\t<div class=\"elementor-cta__bg elementor-bg\" style=\"background-image: url(https:\/\/www.beleyurologie.fr\/wp-content\/uploads\/2025\/01\/MG_8359.jpg);\" role=\"img\" aria-label=\"Livre urologie sur l&#039;appareil g\u00e9nital masculin et la verge\"><\/div>\n\t\t\t\t<div class=\"elementor-cta__bg-overlay\"><\/div>\n\t\t\t<\/div>\n\t\t\t\t\t\t\t<div class=\"elementor-cta__content\">\n\t\t\t\t\n\t\t\t\t\t\t\t\t\t<h3 class=\"elementor-cta__title elementor-cta__content-item elementor-content-item\">\n\t\t\t\t\t\tTerapia cu unde de \u0219oc de intensitate redus\u0103\t\t\t\t\t<\/h3>\n\t\t\t\t\n\t\t\t\t\t\t\t\t\t<div class=\"elementor-cta__description elementor-cta__content-item elementor-content-item\">\n\t\t\t\t\t\tO terapie neinvaziv\u0103 care stimuleaz\u0103 fluxul sanguin c\u0103tre penis \u0219i \u00eembun\u0103t\u0103\u021be\u0219te \u00een mod natural func\u021bia erectil\u0103. O solu\u021bie eficient\u0103 pentru b\u0103rba\u021bii care sufer\u0103 de disfunc\u021bie erectil\u0103. \t\t\t\t\t<\/div>\n\t\t\t\t\n\t\t\t\t\t\t\t<\/div>\n\t\t\t\t\t\t<\/a>\n\t\t\t\t\t\t<\/div>\n\t\t\t\t<\/div>\n\t\t\t\t<div class=\"elementor-element elementor-element-0f33c96 elementor-widget__width-initial elementor-widget-tablet__width-initial elementor-widget-mobile__width-inherit elementor-cta--skin-classic elementor-animated-content elementor-widget elementor-widget-call-to-action\" data-id=\"0f33c96\" data-element_type=\"widget\" data-e-type=\"widget\" data-widget_type=\"call-to-action.default\">\n\t\t\t\t<div class=\"elementor-widget-container\">\n\t\t\t\t\t\t\t<a class=\"elementor-cta\" href=\"https:\/\/www.beleyurologie.fr\/urologue-expertise\/scrotox-paris-injections\">\n\t\t\t\t\t<div class=\"elementor-cta__bg-wrapper\">\n\t\t\t\t<div class=\"elementor-cta__bg elementor-bg\" style=\"background-image: url(https:\/\/www.beleyurologie.fr\/wp-content\/uploads\/2025\/01\/MG_8352B.jpg);\" role=\"img\" aria-label=\"Livre d&#039;urologie sur le scrotum et ses couches\"><\/div>\n\t\t\t\t<div class=\"elementor-cta__bg-overlay\"><\/div>\n\t\t\t<\/div>\n\t\t\t\t\t\t\t<div class=\"elementor-cta__content\">\n\t\t\t\t\n\t\t\t\t\t\t\t\t\t<h3 class=\"elementor-cta__title elementor-cta__content-item elementor-content-item\">\n\t\t\t\t\t\tInjec\u021bie cu Botox \u00een scrot (Scrotox)\t\t\t\t\t<\/h3>\n\t\t\t\t\n\t\t\t\t\t\t\t\t\t<div class=\"elementor-cta__description elementor-cta__content-item elementor-content-item\">\n\t\t\t\t\t\tUn tratament estetic \u0219i func\u021bional care relaxeaz\u0103 pielea scrotului, reduc\u00e2nd ridurile \u0219i \u00eembun\u0103t\u0103\u021bind confortul. De asemenea, poate reduce transpira\u021bia excesiv\u0103 din aceast\u0103 zon\u0103. \t\t\t\t\t<\/div>\n\t\t\t\t\n\t\t\t\t\t\t\t<\/div>\n\t\t\t\t\t\t<\/a>\n\t\t\t\t\t\t<\/div>\n\t\t\t\t<\/div>\n\t\t\t\t<\/div>\n\t\t\t\t\t<\/div>\n\t\t\t\t<\/div>\n\t\t<div class=\"elementor-element elementor-element-f2e4a45 e-grid e-con-boxed e-con e-parent\" data-id=\"f2e4a45\" data-element_type=\"container\" data-e-type=\"container\">\n\t\t\t\t\t<div class=\"e-con-inner\">\n\t\t\t\t<div class=\"elementor-element elementor-element-1ab24de elementor-widget elementor-widget-image\" data-id=\"1ab24de\" data-element_type=\"widget\" data-e-type=\"widget\" data-widget_type=\"image.default\">\n\t\t\t\t<div class=\"elementor-widget-container\">\n\t\t\t\t\t\t\t\t\t\t\t\t\t\t\t<img decoding=\"async\" width=\"800\" height=\"534\" src=\"https:\/\/www.beleyurologie.fr\/wp-content\/uploads\/2025\/07\/MG_8821-1024x683.jpg\" class=\"attachment-large size-large wp-image-2660\" alt=\"expertise Dr S\u00e9bastien Beley et Dr Wilson op\u00e9ration implant p\u00e9nien\" srcset=\"https:\/\/www.beleyurologie.fr\/wp-content\/uploads\/2025\/07\/MG_8821-1024x683.jpg 1024w, https:\/\/www.beleyurologie.fr\/wp-content\/uploads\/2025\/07\/MG_8821-300x200.jpg 300w, https:\/\/www.beleyurologie.fr\/wp-content\/uploads\/2025\/07\/MG_8821-768x512.jpg 768w, https:\/\/www.beleyurologie.fr\/wp-content\/uploads\/2025\/07\/MG_8821.jpg 1349w\" sizes=\"(max-width: 800px) 100vw, 800px\" \/>\t\t\t\t\t\t\t\t\t\t\t\t\t\t\t<\/div>\n\t\t\t\t<\/div>\n\t\t\t\t<div class=\"elementor-element elementor-element-188a5d4 elementor-widget elementor-widget-image\" data-id=\"188a5d4\" data-element_type=\"widget\" data-e-type=\"widget\" data-widget_type=\"image.default\">\n\t\t\t\t<div class=\"elementor-widget-container\">\n\t\t\t\t\t\t\t\t\t\t\t\t\t\t\t<img decoding=\"async\" width=\"800\" height=\"534\" src=\"https:\/\/www.beleyurologie.fr\/wp-content\/uploads\/2025\/07\/MG_9445-1024x683.jpg\" class=\"attachment-large size-large wp-image-2698\" alt=\"Dr S\u00e9bastien Beley et Dr Wilson op\u00e9ration implant p\u00e9nien, expertise\" srcset=\"https:\/\/www.beleyurologie.fr\/wp-content\/uploads\/2025\/07\/MG_9445-1024x683.jpg 1024w, https:\/\/www.beleyurologie.fr\/wp-content\/uploads\/2025\/07\/MG_9445-300x200.jpg 300w, https:\/\/www.beleyurologie.fr\/wp-content\/uploads\/2025\/07\/MG_9445-768x512.jpg 768w, https:\/\/www.beleyurologie.fr\/wp-content\/uploads\/2025\/07\/MG_9445.jpg 1404w\" sizes=\"(max-width: 800px) 100vw, 800px\" \/>\t\t\t\t\t\t\t\t\t\t\t\t\t\t\t<\/div>\n\t\t\t\t<\/div>\n\t\t\t\t\t<\/div>\n\t\t\t\t<\/div>\n\t\t<div class=\"elementor-element elementor-element-604e61f e-flex e-con-boxed e-con e-parent\" data-id=\"604e61f\" data-element_type=\"container\" data-e-type=\"container\" data-settings=\"{&quot;background_background&quot;:&quot;classic&quot;}\">\n\t\t\t\t\t<div class=\"e-con-inner\">\n\t\t\t\t<div class=\"elementor-element elementor-element-8417304 elementor-widget elementor-widget-heading\" data-id=\"8417304\" data-element_type=\"widget\" data-e-type=\"widget\" data-widget_type=\"heading.default\">\n\t\t\t\t<div class=\"elementor-widget-container\">\n\t\t\t\t\t<h2 class=\"elementor-heading-title elementor-size-default\">Face\u021bi o programare<\/h2>\t\t\t\t<\/div>\n\t\t\t\t<\/div>\n\t\t\t\t<div class=\"elementor-element elementor-element-a15a388 elementor-widget__width-initial elementor-widget elementor-widget-text-editor\" data-id=\"a15a388\" data-element_type=\"widget\" data-e-type=\"widget\" data-widget_type=\"text-editor.default\">\n\t\t\t\t<div class=\"elementor-widget-container\">\n\t\t\t\t\t\t\t\t\t<p>Programeaz\u0103 o consulta\u021bie cu mine pentru a discuta despre nevoile tale.<\/p>\t\t\t\t\t\t\t\t<\/div>\n\t\t\t\t<\/div>\n\t\t<div class=\"elementor-element elementor-element-d30167e e-con-full e-flex e-con e-child\" data-id=\"d30167e\" data-element_type=\"container\" data-e-type=\"container\">\n\t\t\t\t<div class=\"elementor-element elementor-element-8700f3e elementor-widget elementor-widget-button\" data-id=\"8700f3e\" data-element_type=\"widget\" data-e-type=\"widget\" data-widget_type=\"button.default\">\n\t\t\t\t<div class=\"elementor-widget-container\">\n\t\t\t\t\t\t\t\t\t<div class=\"elementor-button-wrapper\">\n\t\t\t\t\t<a class=\"elementor-button elementor-button-link elementor-size-sm\" href=\"https:\/\/www.doctolib.fr\/chirurgien-urologue\/paris\/sebastien-beley\" target=\"_blank\" rel=\"noopener\">\n\t\t\t\t\t\t<span class=\"elementor-button-content-wrapper\">\n\t\t\t\t\t\t\t\t\t<span class=\"elementor-button-text\">programare de consulta\u021bie<\/span>\n\t\t\t\t\t<\/span>\n\t\t\t\t\t<\/a>\n\t\t\t\t<\/div>\n\t\t\t\t\t\t\t\t<\/div>\n\t\t\t\t<\/div>\n\t\t\t\t<div class=\"elementor-element elementor-element-876c81a elementor-widget elementor-widget-button\" data-id=\"876c81a\" data-element_type=\"widget\" data-e-type=\"widget\" data-widget_type=\"button.default\">\n\t\t\t\t<div class=\"elementor-widget-container\">\n\t\t\t\t\t\t\t\t\t<div class=\"elementor-button-wrapper\">\n\t\t\t\t\t<a class=\"elementor-button elementor-button-link elementor-size-sm\" href=\"https:\/\/www.beleyurologie.fr\/ro\/programare-la-chirurgie\">\n\t\t\t\t\t\t<span class=\"elementor-button-content-wrapper\">\n\t\t\t\t\t\t\t\t\t<span class=\"elementor-button-text\">Programare la chirurgie<\/span>\n\t\t\t\t\t<\/span>\n\t\t\t\t\t<\/a>\n\t\t\t\t<\/div>\n\t\t\t\t\t\t\t\t<\/div>\n\t\t\t\t<\/div>\n\t\t\t\t<\/div>\n\t\t\t\t\t<\/div>\n\t\t\t\t<\/div>\n\t\t\t\t<\/div>\n\t\t","protected":false},"excerpt":{"rendered":"<p>Domeniile mele de expertiz\u0103 Domeniu de expertiz\u0103 Domeniile mele de expertiz\u0103 Prefer o abordare gradual\u0103 , explor\u00e2nd \u00eentotdeauna mai \u00eent\u00e2i cele mai bl\u00e2nde op\u021biuni \u00eenainte de a lua \u00een considerare interven\u021bii mai complexe. Inser\u021bia implantului penian hidraulic Datorit\u0103 unui mecanism inovator, proteza hidraulic\u0103 imit\u0103 perfect o erec\u021bie natural\u0103, oferind discre\u021bie \u0219i confort. Plasarea unui implant [&hellip;]<\/p>\n","protected":false},"author":1,"featured_media":0,"parent":0,"menu_order":0,"comment_status":"closed","ping_status":"closed","template":"","meta":{"footnotes":""},"class_list":["post-4958","page","type-page","status-publish","hentry"],"_links":{"self":[{"href":"https:\/\/www.beleyurologie.fr\/ro\/wp-json\/wp\/v2\/pages\/4958","targetHints":{"allow":["GET"]}}],"collection":[{"href":"https:\/\/www.beleyurologie.fr\/ro\/wp-json\/wp\/v2\/pages"}],"about":[{"href":"https:\/\/www.beleyurologie.fr\/ro\/wp-json\/wp\/v2\/types\/page"}],"author":[{"embeddable":true,"href":"https:\/\/www.beleyurologie.fr\/ro\/wp-json\/wp\/v2\/users\/1"}],"replies":[{"embeddable":true,"href":"https:\/\/www.beleyurologie.fr\/ro\/wp-json\/wp\/v2\/comments?post=4958"}],"version-history":[{"count":2,"href":"https:\/\/www.beleyurologie.fr\/ro\/wp-json\/wp\/v2\/pages\/4958\/revisions"}],"predecessor-version":[{"id":4975,"href":"https:\/\/www.beleyurologie.fr\/ro\/wp-json\/wp\/v2\/pages\/4958\/revisions\/4975"}],"wp:attachment":[{"href":"https:\/\/www.beleyurologie.fr\/ro\/wp-json\/wp\/v2\/media?parent=4958"}],"curies":[{"name":"wp","href":"https:\/\/api.w.org\/{rel}","templated":true}]}}