{"id":4588,"date":"2026-02-22T20:09:47","date_gmt":"2026-02-22T19:09:47","guid":{"rendered":"https:\/\/www.beleyurologie.fr\/%d8%a7%d9%82%d8%aa%d8%a8%d8%a7%d8%b3-%d8%b9%d9%86-%d8%b2%d8%b1%d8%a7%d8%b9%d8%a9-%d8%a7%d9%84%d9%82%d8%b6%d9%8a%d8%a8"},"modified":"2026-02-22T20:27:56","modified_gmt":"2026-02-22T19:27:56","slug":"%d8%a7%d9%82%d8%aa%d8%a8%d8%a7%d8%b3-%d8%b9%d9%86-%d8%b2%d8%b1%d8%a7%d8%b9%d8%a9-%d8%a7%d9%84%d9%82%d8%b6%d9%8a%d8%a8","status":"publish","type":"page","link":"https:\/\/www.beleyurologie.fr\/ar\/%d8%a7%d9%82%d8%aa%d8%a8%d8%a7%d8%b3-%d8%b9%d9%86-%d8%b2%d8%b1%d8%a7%d8%b9%d8%a9-%d8%a7%d9%84%d9%82%d8%b6%d9%8a%d8%a8","title":{"rendered":"\u0627\u0642\u062a\u0628\u0627\u0633 \u0639\u0646 \u0632\u0631\u0627\u0639\u0629 \u0627\u0644\u0642\u0636\u064a\u0628"},"content":{"rendered":"\t<div class=\"beley-devis-wrap\">\n\t\t<header class=\"beley-devis-header\">\n\t\t\t<h2 class=\"beley-devis-header-title\">\u0645\u062d\u0627\u0643\u0627\u0629 \u0627\u0644\u0623\u062c\u0647\u0632\u0629<\/h2>\n\t\t\t<p class=\"beley-devis-header-desc\">\u0648\u0636\u0639\u064a\u0629 \u0632\u0631\u0627\u0639\u0629 \u0627\u0644\u0634\u0639\u0631 \u2013 \u062f\u0643\u062a\u0648\u0631 \u0633\u064a\u0628\u0627\u0633\u062a\u064a\u0627\u0646 \u0628\u064a\u0644\u064a \u2013 \u0643\u0644\u064a\u0646\u064a\u0643 \u062a\u0648\u0631\u064a\u0646\u0648\u060c \u0628\u0627\u0631\u064a\u0633<\/p>\n\t\t<\/header>\n\n\t\t<div class=\"beley-devis\" id=\"beley-devis-implant\">\n\t\t\t<p class=\"beley-devis-intro\">\n\t\t\t\t\u0647\u0630\u0647 \u0627\u0644\u0645\u062d\u0627\u0643\u0627\u0629 \u062a\u0642\u0648\u0645 \u0628\u062a\u0642\u062f\u064a\u0631 \u0627\u0644\u062c\u0628\u0627\u0644. \u0633\u064a\u0643\u0648\u0646 \u0627\u0644\u062c\u0647\u0627\u0632 \u0627\u0644\u0645\u062d\u062f\u062f \u0645\u062a\u0627\u062d\u064b\u0627 \u0644\u0643 \u0623\u062b\u0646\u0627\u0621 \u0627\u0644\u0627\u0633\u062a\u0634\u0627\u0631\u0629. \u062a\u062d\u062f\u064a\u062f \u062d\u0627\u0644\u062a\u0643:  \t\t\t<\/p>\n\n\t\t\t<fieldset class=\"beley-devis-fieldset\">\n\t\t\t\t<legend class=\"beley-devis-legend\">\u0647\u0644 \u0623\u0646\u062a \u0645\u0646\u062a\u0633\u0628 \u0625\u0644\u0649 S\u00e9curit\u00e9 sociale fran\u00e7aise \u061f<\/legend>\n\t\t\t\t<ul class=\"beley-devis-options\">\n\t\t\t\t\t<li>\n\t\t\t\t\t\t<label><input type=\"radio\" name=\"beley_devis_secu\" value=\"oui\" required>\n\t\t\t\t\t\t\t\u0646\u0639\u0645\u060c \u0623\u0646\u0627 \u0645\u0646\u062a\u0633\u0628 \u0625\u0644\u0649 S\u00e9curit\u00e9 sociale fran\u00e7aise\t\t\t\t\t\t<\/label>\n\t\t\t\t\t<\/li>\n\t\t\t\t\t<li>\n\t\t\t\t\t\t<label><input type=\"radio\" name=\"beley_devis_secu\" value=\"non\">\n\t\t\t\t\t\t\t\u0644\u0633\u062a \u0645\u0646\u062a\u0633\u0628\u064b\u0627 \u0625\u0644\u0649 S\u00e9curit\u00e9 sociale fran\u00e7aise\t\t\t\t\t\t<\/label>\n\t\t\t\t\t<\/li>\n\t\t\t\t<\/ul>\n\t\t\t<\/fieldset>\n\n\t\t\t<div class=\"beley-devis-result beley-devis-result--secu\" id=\"beley-devis-result-secu\" hidden>\n\t\t\t\t<h3 class=\"beley-devis-result-title\">\u0627\u0644\u0627\u0646\u0636\u0645\u0627\u0645 \u0625\u0644\u0649 \u0627\u0644\u0623\u0645\u0646 \u0627\u0644\u0627\u062c\u062a\u0645\u0627\u0639\u064a<\/h3>\n\t\t\t\t<p class=\"beley-devis-result-desc\">\u0644\u0627 \u0643\u0644\u064a\u0646\u064a\u0643 \u0647\u064a \u0627\u062a\u0641\u0627\u0642\u064a\u0629. \u0625\u0646 \u0627\u0644\u062a\u0643\u0631\u064a\u0645\u0627\u062a \u0627\u0644\u062a\u0643\u0645\u064a\u0644\u064a\u0629 \u0644\u0644\u0639\u0644\u0627\u062c \u0627\u0644\u062c\u0631\u0627\u062d\u064a \u0648\u0627\u0644\u062a\u062e\u062f\u064a\u0631 \u062a\u0643\u0648\u0646 \u0639\u0644\u0649 \u0646\u0641\u0642\u062a\u0643 \u0627\u0644\u062e\u0627\u0635\u0629 (\u064a\u0645\u0643\u0646 \u062a\u0639\u0648\u064a\u0636\u0647\u0627 \u0641\u064a \u0646\u0647\u0627\u064a\u0629 \u0627\u0644\u0645\u0637\u0627\u0641 \u0645\u0646 \u0642\u0628\u0644 \u0643\u0644 \u0645\u0646\u0643\u0645\u0627). <\/p>\n\t\t\t\t<div class=\"beley-devis-breakdown\">\n\t\t\t\t\t<p><span class=\"beley-devis-label\">\u0627\u0644\u0645\u0643\u0631\u0645\u0648\u0646 \u0627\u0644\u0645\u062c\u0627\u0645\u0644\u0648\u0646 \u0627\u0644\u062f\u0643\u062a\u0648\u0631 \u0628\u064a\u0644\u064a<\/span> <strong>2 900 \u20ac<\/strong><\/p>\n\t\t\t\t\t<p><span class=\"beley-devis-label\">\u0627\u0644\u0634\u0631\u0641\u0627\u0621 \u0627\u0644\u062a\u0643\u0645\u064a\u0644\u064a\u064a\u0646 \u0644\u0644\u062a\u062e\u062f\u064a\u0631<\/span> <strong>800 \u20ac<\/strong><\/p>\n\t\t\t\t<\/div>\n\t\t\t\t<p class=\"beley-devis-total\"><span class=\"beley-devis-total-label\">\u062a\u0642\u062f\u064a\u0631 \u0627\u0644\u0631\u0633\u0648\u0645 (\u0627\u0644\u0645\u0631\u062a\u0628\u0629 \u0627\u0644\u0634\u0631\u0641\u064a\u0629)<\/span> <strong class=\"beley-devis-total-amount\">3 700 \u20ac<\/strong><\/p>\n\t\t\t<\/div>\n\n\t\t\t<div class=\"beley-devis-result beley-devis-result--no-secu\" id=\"beley-devis-result-no-secu\" hidden>\n\t\t\t\t<h3 class=\"beley-devis-result-title\">\u063a\u064a\u0631 \u062a\u0627\u0628\u0639 \u0644\u0644\u0623\u0645\u0646 \u0627\u0644\u0627\u062c\u062a\u0645\u0627\u0639\u064a<\/h3>\n\t\t\t\t<p class=\"beley-devis-result-desc\">Devis en tarif acte esth\u00e9tique (TTC). \u0643\u0644\u064a\u0646\u064a\u0643 \u062a\u0648\u0631\u064a\u0646\u0648\u060c \u0633\u0627\u0639\u0629 \u0648\u0627\u062d\u062f\u0629\u060c \u0625\u0642\u0627\u0645\u0629 \u0641\u064a \u0627\u0644\u0645\u0633\u062a\u0634\u0641\u0649\u060c \u063a\u0631\u0641\u0629 \u0641\u0631\u062f\u064a\u0629\u060c \u0632\u0631\u0639 \u0647\u064a\u062f\u0631\u0648\u0644\u064a\u0643\u064a \u0635\u063a\u064a\u0631. <\/p>\n\t\t\t\t<div class=\"beley-devis-breakdown\">\n\t\t\t\t\t<p><span class=\"beley-devis-label\">\u0639\u064a\u0627\u062f\u0629 Frais (\u0643\u062a\u0644\u0629\u060c \u0627\u0633\u062a\u0634\u0641\u0627\u0621\u060c \u063a\u0631\u0641\u0629)<\/span> <strong>1 400 \u20ac<\/strong><\/p>\n\t\t\t\t\t<p><span class=\"beley-devis-label\">\u0627\u0644\u0645\u0639\u062f\u0627\u062a \/ \u0632\u0631\u0639 penien hydraulique<\/span> <strong>2 915 \u20ac<\/strong><\/p>\n\t\t\t\t\t<p><span class=\"beley-devis-label\">\u0627\u0644\u062f\u0643\u062a\u0648\u0631 \u0628\u064a\u0644\u064a\u060c \u0627\u0644\u062d\u0627\u0626\u0632 \u0639\u0644\u0649 \u062c\u0648\u0627\u0626\u0632 \u062a\u0642\u062f\u064a\u0631\u064a\u0629<\/span> <strong>3 200 \u20ac<\/strong><\/p>\n\t\t\t\t\t<p><span class=\"beley-devis-label\">\u0623\u062e\u0635\u0627\u0626\u064a \u062a\u062e\u062f\u064a\u0631 \u0641\u062e\u0631\u064a<\/span> <strong>800 \u20ac<\/strong><\/p>\n\t\t\t\t<\/div>\n\t\t\t\t<p class=\"beley-devis-total\"><span class=\"beley-devis-total-label\">\u062a\u0642\u062f\u064a\u0631 \u0625\u062c\u0645\u0627\u0644\u064a \u062a\u0643\u0644\u0641\u0629 \u0627\u0644\u0646\u0642\u0644<\/span> <strong class=\"beley-devis-total-amount\">8 315 \u20ac<\/strong><\/p>\n\t\t\t<\/div>\n\n\t\t\t<p class=\"beley-devis-disclaimer\">\u0647\u0630\u0627 \u0647\u0648 \u0627\u0644\u062a\u0642\u062f\u064a\u0631. \u0633\u064a\u0643\u0648\u0646 \u0627\u0644\u062c\u0647\u0627\u0632 \u0627\u0644\u062a\u0641\u0635\u064a\u0644\u064a \u0648\u0627\u0644\u0634\u062e\u0635\u064a \u0645\u062a\u0627\u062d\u064b\u0627 \u0644\u0643 \u0623\u062b\u0646\u0627\u0621 \u0627\u0644\u0627\u0633\u062a\u0634\u0627\u0631\u0629. \u0625\u0646 \u0627\u0644\u062a\u0643\u0631\u064a\u0645\u0627\u062a \u0627\u0644\u062a\u0643\u0645\u064a\u0644\u064a\u0629 \u0644\u064a\u0633\u062a \u0645\u062f\u0641\u0648\u0639\u0629 \u0627\u0644\u0623\u062c\u0631 \u0645\u0646 \u062c\u0627\u0646\u0628 \u0634\u0631\u0643\u0629 Assurance Maladie mais\u060c \u0648\u0642\u062f \u064a\u062a\u0645 \u062a\u0639\u0648\u064a\u0636\u0647\u0627 \u0645\u0646 \u062c\u0627\u0646\u0628\u0643 \u0627\u0644\u0645\u062a\u0628\u0627\u062f\u0644.  <\/p>\n\n\t\t\t<div class=\"beley-devis-cta\" id=\"beley-devis-cta\">\n\t\t\t\t<a href=\"https:\/\/www.doctolib.fr\/chirurgien-urologue\/paris\/sebastien-beley\" class=\"beley-devis-btn beley-devis-btn--primary\" target=\"_blank\" rel=\"noopener noreferrer\">\u0627\u0633\u062a\u0634\u0627\u0631\u0629 Prendre RDV<\/a>\n\t\t\t\t<a href=\"https:\/\/www.beleyurologie.fr\/rdv-chirurgie-urologique-sebastien-beley\" class=\"beley-devis-btn beley-devis-btn--secondary\" target=\"_blank\" rel=\"noopener noreferrer\">RDV chirurgie \/ formulaire<\/a>\n\t\t\t<\/div>\n\t\t<\/div>\n\t<\/div>\n\n\t<script>\n\t(function() {\n\t\tvar form = document.getElementById('beley-devis-implant');\n\t\tif (!form) return;\n\t\tvar secu = form.querySelectorAll('input[name=\"beley_devis_secu\"]');\n\t\tvar resultSecu = document.getElementById('beley-devis-result-secu');\n\t\tvar resultNoSecu = document.getElementById('beley-devis-result-no-secu');\n\n\t\tfunction updateDevis() {\n\t\t\tvar v = form.querySelector('input[name=\"beley_devis_secu\"]:checked');\n\t\t\tif (!v) {\n\t\t\t\tif (resultSecu) resultSecu.hidden = true;\n\t\t\t\tif (resultNoSecu) resultNoSecu.hidden = true;\n\t\t\t\treturn;\n\t\t\t}\n\t\t\tif (resultSecu) resultSecu.hidden = v.value !== 'oui';\n\t\t\tif (resultNoSecu) resultNoSecu.hidden = v.value !== 'non';\n\t\t}\n\t\tsecu.forEach(function(r) { r.addEventListener('change', updateDevis); });\n\t\tupdateDevis();\n\t})();\n\t<\/script>\n\t\n","protected":false},"excerpt":{"rendered":"","protected":false},"author":1,"featured_media":0,"parent":0,"menu_order":0,"comment_status":"closed","ping_status":"closed","template":"","meta":{"footnotes":""},"class_list":["post-4588","page","type-page","status-publish","hentry"],"_links":{"self":[{"href":"https:\/\/www.beleyurologie.fr\/ar\/wp-json\/wp\/v2\/pages\/4588","targetHints":{"allow":["GET"]}}],"collection":[{"href":"https:\/\/www.beleyurologie.fr\/ar\/wp-json\/wp\/v2\/pages"}],"about":[{"href":"https:\/\/www.beleyurologie.fr\/ar\/wp-json\/wp\/v2\/types\/page"}],"author":[{"embeddable":true,"href":"https:\/\/www.beleyurologie.fr\/ar\/wp-json\/wp\/v2\/users\/1"}],"replies":[{"embeddable":true,"href":"https:\/\/www.beleyurologie.fr\/ar\/wp-json\/wp\/v2\/comments?post=4588"}],"version-history":[{"count":1,"href":"https:\/\/www.beleyurologie.fr\/ar\/wp-json\/wp\/v2\/pages\/4588\/revisions"}],"predecessor-version":[{"id":4589,"href":"https:\/\/www.beleyurologie.fr\/ar\/wp-json\/wp\/v2\/pages\/4588\/revisions\/4589"}],"wp:attachment":[{"href":"https:\/\/www.beleyurologie.fr\/ar\/wp-json\/wp\/v2\/media?parent=4588"}],"curies":[{"name":"wp","href":"https:\/\/api.w.org\/{rel}","templated":true}]}}