{"id":4517,"date":"2024-12-12T16:30:10","date_gmt":"2024-12-12T15:30:10","guid":{"rendered":"https:\/\/www.beleyurologie.fr\/%d8%a7%d8%ad%d8%aa%d9%8a%d8%a7%d8%ac%d8%a7%d8%aa%d9%83"},"modified":"2026-02-22T20:27:40","modified_gmt":"2026-02-22T19:27:40","slug":"%d8%a7%d8%ad%d8%aa%d9%8a%d8%a7%d8%ac%d8%a7%d8%aa%d9%83","status":"publish","type":"page","link":"https:\/\/www.beleyurologie.fr\/ar\/%d8%a7%d8%ad%d8%aa%d9%8a%d8%a7%d8%ac%d8%a7%d8%aa%d9%83","title":{"rendered":"\u0627\u062d\u062a\u064a\u0627\u062c\u0627\u062a\u0643"},"content":{"rendered":"\t\t<div data-elementor-type=\"wp-page\" data-elementor-id=\"4517\" class=\"elementor elementor-4517 elementor-288\" data-elementor-post-type=\"page\">\n\t\t\t\t<div class=\"elementor-element elementor-element-291c88a e-flex e-con-boxed e-con e-parent\" data-id=\"291c88a\" data-element_type=\"container\" data-e-type=\"container\" data-settings=\"{&quot;background_background&quot;:&quot;classic&quot;}\">\n\t\t\t\t\t<div class=\"e-con-inner\">\n\t\t\t\t<div class=\"elementor-element elementor-element-d8cddde elementor-widget elementor-widget-heading\" data-id=\"d8cddde\" data-element_type=\"widget\" data-e-type=\"widget\" data-widget_type=\"heading.default\">\n\t\t\t\t<div class=\"elementor-widget-container\">\n\t\t\t\t\t<h1 class=\"elementor-heading-title elementor-size-default\">\u0627\u062d\u062a\u064a\u0627\u062c\u0627\u062a\u0643<\/h1>\t\t\t\t<\/div>\n\t\t\t\t<\/div>\n\t\t\t\t<div class=\"elementor-element elementor-element-c4b13c6 elementor-widget elementor-widget-text-editor\" data-id=\"c4b13c6\" data-element_type=\"widget\" data-e-type=\"widget\" data-widget_type=\"text-editor.default\">\n\t\t\t\t<div class=\"elementor-widget-container\">\n\t\t\t\t\t\t\t\t\t<a href=\"\/\">\u0645\u0631\u062d\u0628\u0627\u064b \/ <\/a>\u0627\u062d\u062a\u064a\u0627\u062c\u0627\u062a\u0643\t\t\t\t\t\t\t\t<\/div>\n\t\t\t\t<\/div>\n\t\t\t\t\t<\/div>\n\t\t\t\t<\/div>\n\t\t<div class=\"elementor-element elementor-element-6a80220 e-flex e-con-boxed e-con e-parent\" data-id=\"6a80220\" data-element_type=\"container\" data-e-type=\"container\">\n\t\t\t\t\t<div class=\"e-con-inner\">\n\t\t<div class=\"elementor-element elementor-element-7f8ff9b e-flex e-con-boxed e-con e-child\" data-id=\"7f8ff9b\" data-element_type=\"container\" data-e-type=\"container\">\n\t\t\t\t\t<div class=\"e-con-inner\">\n\t\t\t\t<div class=\"elementor-element elementor-element-10ede00 elementor-widget elementor-widget-heading\" data-id=\"10ede00\" data-element_type=\"widget\" data-e-type=\"widget\" data-widget_type=\"heading.default\">\n\t\t\t\t<div class=\"elementor-widget-container\">\n\t\t\t\t\t<div class=\"elementor-heading-title elementor-size-default\">\u0623\u0646\u0627 \u0647\u0646\u0627 \u0644\u0645\u0633\u0627\u0639\u062f\u062a\u0643<\/div>\t\t\t\t<\/div>\n\t\t\t\t<\/div>\n\t\t\t\t<div class=\"elementor-element elementor-element-9ab113e elementor-widget elementor-widget-heading\" data-id=\"9ab113e\" data-element_type=\"widget\" data-e-type=\"widget\" data-widget_type=\"heading.default\">\n\t\t\t\t<div class=\"elementor-widget-container\">\n\t\t\t\t\t<h2 class=\"elementor-heading-title elementor-size-default\">\u0627\u062d\u062a\u064a\u0627\u062c\u0627\u062a\u0643<\/h2>\t\t\t\t<\/div>\n\t\t\t\t<\/div>\n\t\t\t\t<div class=\"elementor-element elementor-element-b640a27 elementor-widget__width-initial elementor-widget elementor-widget-text-editor\" data-id=\"b640a27\" data-element_type=\"widget\" data-e-type=\"widget\" data-widget_type=\"text-editor.default\">\n\t\t\t\t<div class=\"elementor-widget-container\">\n\t\t\t\t\t\t\t\t\t<p><strong>\u0623\u0641\u0636\u0651\u0644 \u0627\u062a\u0628\u0627\u0639 \u0646\u0647\u062c \u062a\u062f\u0631\u064a\u062c\u064a<\/strong> \u060c \u062d\u064a\u062b \u0623\u0633\u062a\u0643\u0634\u0641 \u062f\u0627\u0626\u0645\u0627\u064b <strong><a href=\"https:\/\/www.beleyurologie.fr\/ar\/%d8%ae%d8%a8%d8%b1%d8%a9\">\u0627\u0644\u062e\u064a\u0627\u0631\u0627\u062a \u0627\u0644\u0623\u0642\u0644 \u062a\u0639\u0642\u064a\u062f\u0627\u064b<\/a><\/strong> \u0623\u0648\u0644\u0627\u064b \u0642\u0628\u0644 \u0627\u0644\u0646\u0638\u0631 \u0641\u064a \u0627\u0644\u062a\u062f\u062e\u0644\u0627\u062a \u0627\u0644\u0623\u0643\u062b\u0631 \u062a\u0639\u0642\u064a\u062f\u0627\u064b.<\/p>\t\t\t\t\t\t\t\t<\/div>\n\t\t\t\t<\/div>\n\t\t\t\t\t<\/div>\n\t\t\t\t<\/div>\n\t\t<div class=\"elementor-element elementor-element-8e096b4 e-con-full e-grid e-con e-child\" data-id=\"8e096b4\" data-element_type=\"container\" data-e-type=\"container\">\n\t\t\t\t<div class=\"elementor-element elementor-element-a5e8129 elementor-widget__width-initial elementor-widget-tablet__width-initial elementor-widget-mobile__width-inherit elementor-cta--skin-classic elementor-animated-content elementor-widget elementor-widget-call-to-action\" data-id=\"a5e8129\" data-element_type=\"widget\" data-e-type=\"widget\" data-widget_type=\"call-to-action.default\">\n\t\t\t\t<div class=\"elementor-widget-container\">\n\t\t\t\t\t\t\t<a class=\"elementor-cta\" href=\"https:\/\/www.beleyurologie.fr\/besoins-dun-patient-urologie-sebastien-beley\/probleme-erection\">\n\t\t\t\t\t<div class=\"elementor-cta__bg-wrapper\">\n\t\t\t\t<div class=\"elementor-cta__bg elementor-bg\" style=\"background-image: url(https:\/\/www.beleyurologie.fr\/wp-content\/uploads\/2025\/03\/Implant-penien-hydraulique-NB.jpg);\" role=\"img\" aria-label=\"Dessin illustrant Implant p\u00e9nien hydraulique, S\u00e9bastien Beley\"><\/div>\n\t\t\t\t<div class=\"elementor-cta__bg-overlay\"><\/div>\n\t\t\t<\/div>\n\t\t\t\t\t\t\t<div class=\"elementor-cta__content\">\n\t\t\t\t\n\t\t\t\t\t\t\t\t\t<div class=\"elementor-cta__title elementor-cta__content-item elementor-content-item\">\n\t\t\t\t\t\t\u0645\u0634\u0627\u0643\u0644 \u0627\u0644\u0627\u0646\u062a\u0635\u0627\u0628\t\t\t\t\t<\/div>\n\t\t\t\t\n\t\t\t\t\t\t\t\t\t<div class=\"elementor-cta__description elementor-cta__content-item elementor-content-item\">\n\t\t\t\t\t\t\u0628\u0641\u0636\u0644 \u0622\u0644\u064a\u0629 \u0645\u0628\u062a\u0643\u0631\u0629\u060c \u062a\u062d\u0627\u0643\u064a \u0627\u0644\u0628\u062f\u0644\u0629 \u0627\u0644\u0647\u064a\u062f\u0631\u0648\u0644\u064a\u0643\u064a\u0629 \u0627\u0644\u0627\u0646\u062a\u0635\u0627\u0628 \u0627\u0644\u0637\u0628\u064a\u0639\u064a \u0628\u0634\u0643\u0644 \u0645\u062b\u0627\u0644\u064a\u060c \u0645\u0645\u0627 \u064a\u0648\u0641\u0631 \u0627\u0644\u062e\u0635\u0648\u0635\u064a\u0629 \u0648\u0627\u0644\u0631\u0627\u062d\u0629.\t\t\t\t\t<\/div>\n\t\t\t\t\n\t\t\t\t\t\t\t<\/div>\n\t\t\t\t\t\t<\/a>\n\t\t\t\t\t\t<\/div>\n\t\t\t\t<\/div>\n\t\t\t\t<div class=\"elementor-element elementor-element-738dc7e elementor-widget__width-initial elementor-widget-tablet__width-initial elementor-widget-mobile__width-inherit elementor-cta--skin-classic elementor-animated-content elementor-widget elementor-widget-call-to-action\" data-id=\"738dc7e\" data-element_type=\"widget\" data-e-type=\"widget\" data-widget_type=\"call-to-action.default\">\n\t\t\t\t<div class=\"elementor-widget-container\">\n\t\t\t\t\t\t\t<a class=\"elementor-cta\" href=\"https:\/\/www.beleyurologie.fr\/besoins-dun-patient-urologie-sebastien-beley\/maladie-de-lapeyronie\">\n\t\t\t\t\t<div class=\"elementor-cta__bg-wrapper\">\n\t\t\t\t<div class=\"elementor-cta__bg elementor-bg\" style=\"background-image: url(https:\/\/www.beleyurologie.fr\/wp-content\/uploads\/2025\/03\/Lapeyronie-NB.jpg);\" role=\"img\" aria-label=\"Dessin illustrant op\u00e9ration Lapeyronie\"><\/div>\n\t\t\t\t<div class=\"elementor-cta__bg-overlay\"><\/div>\n\t\t\t<\/div>\n\t\t\t\t\t\t\t<div class=\"elementor-cta__content\">\n\t\t\t\t\n\t\t\t\t\t\t\t\t\t<div class=\"elementor-cta__title elementor-cta__content-item elementor-content-item\">\n\t\t\t\t\t\t\u0645\u0631\u0636 \u0628\u064a\u0631\u0648\u0646\u064a\t\t\t\t\t<\/div>\n\t\t\t\t\n\t\t\t\t\t\t\t\t\t<div class=\"elementor-cta__description elementor-cta__content-item elementor-content-item\">\n\t\t\t\t\t\t\u062a\u062a\u0648\u0641\u0631 \u0639\u0644\u0627\u062c\u0627\u062a \u062a\u062a\u0631\u0627\u0648\u062d \u0628\u064a\u0646 \u0627\u0644\u062d\u0642\u0646 \u0648\u0627\u0644\u062d\u0644\u0648\u0644 \u0627\u0644\u062c\u0631\u0627\u062d\u064a\u0629\u060c \u0644\u0627\u0633\u062a\u0639\u0627\u062f\u0629 \u0627\u0644\u0648\u0638\u064a\u0641\u0629 \u0627\u0644\u062c\u0646\u0633\u064a\u0629 \u0627\u0644\u0645\u062b\u0644\u0649 \u0648\u062a\u062d\u0642\u064a\u0642 \u0631\u0627\u062d\u0629 \u0623\u0643\u0628\u0631 \u0641\u064a \u0627\u0644\u062d\u064a\u0627\u0629 \u0627\u0644\u064a\u0648\u0645\u064a\u0629.\t\t\t\t\t<\/div>\n\t\t\t\t\n\t\t\t\t\t\t\t<\/div>\n\t\t\t\t\t\t<\/a>\n\t\t\t\t\t\t<\/div>\n\t\t\t\t<\/div>\n\t\t\t\t<div class=\"elementor-element elementor-element-273e9ed elementor-widget__width-initial elementor-widget-tablet__width-initial elementor-widget-mobile__width-inherit elementor-cta--skin-classic elementor-animated-content elementor-widget elementor-widget-call-to-action\" data-id=\"273e9ed\" data-element_type=\"widget\" data-e-type=\"widget\" data-widget_type=\"call-to-action.default\">\n\t\t\t\t<div class=\"elementor-widget-container\">\n\t\t\t\t\t\t\t<a class=\"elementor-cta\" href=\"https:\/\/www.beleyurologie.fr\/besoins-dun-patient-urologie-sebastien-beley\/operation-prostate-enjeux-sante\">\n\t\t\t\t\t<div class=\"elementor-cta__bg-wrapper\">\n\t\t\t\t<div class=\"elementor-cta__bg elementor-bg\" style=\"background-image: url(https:\/\/www.beleyurologie.fr\/wp-content\/uploads\/2025\/03\/Implant-penien-malleable-NB.jpg);\" role=\"img\" aria-label=\"Dessin illustrant op\u00e9ration Implant p\u00e9nien mall\u00e9able\"><\/div>\n\t\t\t\t<div class=\"elementor-cta__bg-overlay\"><\/div>\n\t\t\t<\/div>\n\t\t\t\t\t\t\t<div class=\"elementor-cta__content\">\n\t\t\t\t\n\t\t\t\t\t\t\t\t\t<div class=\"elementor-cta__title elementor-cta__content-item elementor-content-item\">\n\t\t\t\t\t\t\u0645\u0634\u0643\u0644\u0629 \u0627\u0644\u0628\u0631\u0648\u0633\u062a\u0627\u062a\u0627\t\t\t\t\t<\/div>\n\t\t\t\t\n\t\t\t\t\t\t\t\t\t<div class=\"elementor-cta__description elementor-cta__content-item elementor-content-item\">\n\t\t\t\t\t\t\u062d\u0644 \u0645\u0648\u062b\u0648\u0642 \u0644\u0627\u0633\u062a\u0639\u0627\u062f\u0629 \u0627\u0644\u0627\u0646\u062a\u0635\u0627\u0628 \u0627\u0644\u0648\u0638\u064a\u0641\u064a \u0641\u064a \u062d\u0627\u0644\u0627\u062a \u0636\u0639\u0641 \u0627\u0644\u0627\u0646\u062a\u0635\u0627\u0628 \u0627\u0644\u0634\u062f\u064a\u062f.\t\t\t\t\t<\/div>\n\t\t\t\t\n\t\t\t\t\t\t\t<\/div>\n\t\t\t\t\t\t<\/a>\n\t\t\t\t\t\t<\/div>\n\t\t\t\t<\/div>\n\t\t\t\t<div class=\"elementor-element elementor-element-b043a1c elementor-widget__width-initial elementor-widget-tablet__width-initial elementor-widget-mobile__width-inherit elementor-cta--skin-classic elementor-animated-content elementor-widget elementor-widget-call-to-action\" data-id=\"b043a1c\" data-element_type=\"widget\" data-e-type=\"widget\" data-widget_type=\"call-to-action.default\">\n\t\t\t\t<div class=\"elementor-widget-container\">\n\t\t\t\t\t\t\t<a class=\"elementor-cta\" href=\"https:\/\/www.beleyurologie.fr\/besoins-dun-patient-urologie-sebastien-beley\/operation-stenose-de-l-uretre\">\n\t\t\t\t\t<div class=\"elementor-cta__bg-wrapper\">\n\t\t\t\t<div class=\"elementor-cta__bg elementor-bg\" style=\"background-image: url(https:\/\/www.beleyurologie.fr\/wp-content\/uploads\/2025\/01\/MG_8345.jpg);\" role=\"img\" aria-label=\"Livre d&#039;urologie sur le p\u00e9nis et l&#039;organe masculin, implant p\u00e9nien\"><\/div>\n\t\t\t\t<div class=\"elementor-cta__bg-overlay\"><\/div>\n\t\t\t<\/div>\n\t\t\t\t\t\t\t<div class=\"elementor-cta__content\">\n\t\t\t\t\n\t\t\t\t\t\t\t\t\t<div class=\"elementor-cta__title elementor-cta__content-item elementor-content-item\">\n\t\t\t\t\t\t\u062a\u0636\u064a\u0642 \u0627\u0644\u0625\u062d\u0644\u064a\u0644\t\t\t\t\t<\/div>\n\t\t\t\t\n\t\t\t\t\t\t\t\t\t<div class=\"elementor-cta__description elementor-cta__content-item elementor-content-item\">\n\t\t\t\t\t\t\u064a\u064f\u0633\u062a\u062e\u062f\u0645 \u0627\u0644\u0628\u0644\u0627\u0632\u0645\u0627 \u0627\u0644\u063a\u0646\u064a\u0629 \u0628\u0627\u0644\u0635\u0641\u0627\u0626\u062d \u0627\u0644\u062f\u0645\u0648\u064a\u0629 (PRP) \u0644\u062a\u062d\u0641\u064a\u0632 \u062a\u062c\u062f\u064a\u062f \u0627\u0644\u062e\u0644\u0627\u064a\u0627 \u0648\u062a\u0639\u0632\u064a\u0632 \u0627\u0644\u062a\u0626\u0627\u0645 \u0627\u0644\u0623\u0646\u0633\u062c\u0629. \u0648\u0647\u0648 \u0623\u0633\u0644\u0648\u0628 \u0637\u0628\u064a\u0639\u064a \u0644\u0639\u0644\u0627\u062c \u0628\u0639\u0636 \u0627\u0644\u062d\u0627\u0644\u0627\u062a \u0627\u0644\u0628\u0648\u0644\u064a\u0629. \t\t\t\t\t<\/div>\n\t\t\t\t\n\t\t\t\t\t\t\t<\/div>\n\t\t\t\t\t\t<\/a>\n\t\t\t\t\t\t<\/div>\n\t\t\t\t<\/div>\n\t\t\t\t<div class=\"elementor-element elementor-element-1dbd53b elementor-widget__width-initial elementor-widget-tablet__width-initial elementor-widget-mobile__width-inherit elementor-cta--skin-classic elementor-animated-content elementor-widget elementor-widget-call-to-action\" data-id=\"1dbd53b\" data-element_type=\"widget\" data-e-type=\"widget\" data-widget_type=\"call-to-action.default\">\n\t\t\t\t<div class=\"elementor-widget-container\">\n\t\t\t\t\t\t\t<a class=\"elementor-cta\" href=\"https:\/\/www.beleyurologie.fr\/besoins-dun-patient-urologie-sebastien-beley\/operation-phimosis\">\n\t\t\t\t\t<div class=\"elementor-cta__bg-wrapper\">\n\t\t\t\t<div class=\"elementor-cta__bg elementor-bg\" style=\"background-image: url(https:\/\/www.beleyurologie.fr\/wp-content\/uploads\/2025\/01\/MG_8347B.jpg);\" role=\"img\" aria-label=\"Livre d&#039;urologie sur une coupe de p\u00e9nis et sur l&#039;organe masculin\"><\/div>\n\t\t\t\t<div class=\"elementor-cta__bg-overlay\"><\/div>\n\t\t\t<\/div>\n\t\t\t\t\t\t\t<div class=\"elementor-cta__content\">\n\t\t\t\t\n\t\t\t\t\t\t\t\t\t<div class=\"elementor-cta__title elementor-cta__content-item elementor-content-item\">\n\t\t\t\t\t\t\u0627\u0644\u0634\u0628\u0645\t\t\t\t\t<\/div>\n\t\t\t\t\n\t\t\t\t\t\t\t\t\t<div class=\"elementor-cta__description elementor-cta__content-item elementor-content-item\">\n\t\t\t\t\t\t\u0639\u0644\u0627\u062c \u0645\u0628\u062a\u0643\u0631 \u0642\u0627\u0626\u0645 \u0639\u0644\u0649 \u0627\u0644\u0628\u0644\u0627\u0632\u0645\u0627 \u0627\u0644\u063a\u0646\u064a\u0629 \u0628\u0627\u0644\u0635\u0641\u0627\u0626\u062d \u0627\u0644\u062f\u0645\u0648\u064a\u0629 \u0644\u062a\u062d\u0633\u064a\u0646 \u0627\u0644\u062f\u0648\u0631\u0629 \u0627\u0644\u062f\u0645\u0648\u064a\u0629 \u0648\u062a\u062d\u0641\u064a\u0632 \u062a\u062c\u062f\u064a\u062f \u0623\u0646\u0633\u062c\u0629 \u0627\u0644\u0642\u0636\u064a\u0628. \u064a\u0639\u0632\u0632 \u0627\u0646\u062a\u0635\u0627\u0628\u064b\u0627 \u0623\u0642\u0648\u0649 \u0648\u0623\u0637\u0648\u0644 \u0623\u0645\u062f\u064b\u0627 \u062f\u0648\u0646 \u062c\u0631\u0627\u062d\u0629. \t\t\t\t\t<\/div>\n\t\t\t\t\n\t\t\t\t\t\t\t<\/div>\n\t\t\t\t\t\t<\/a>\n\t\t\t\t\t\t<\/div>\n\t\t\t\t<\/div>\n\t\t\t\t<div class=\"elementor-element elementor-element-0056ab5 elementor-widget__width-initial elementor-widget-tablet__width-initial elementor-widget-mobile__width-inherit elementor-cta--skin-classic elementor-animated-content elementor-widget elementor-widget-call-to-action\" data-id=\"0056ab5\" data-element_type=\"widget\" data-e-type=\"widget\" data-widget_type=\"call-to-action.default\">\n\t\t\t\t<div class=\"elementor-widget-container\">\n\t\t\t\t\t\t\t<a class=\"elementor-cta\" href=\"https:\/\/www.beleyurologie.fr\/besoins-dun-patient-urologie-sebastien-beley\/operation-varicocele\">\n\t\t\t\t\t<div class=\"elementor-cta__bg-wrapper\">\n\t\t\t\t<div class=\"elementor-cta__bg elementor-bg\" style=\"background-image: url(https:\/\/www.beleyurologie.fr\/wp-content\/uploads\/2025\/01\/MG_8359.jpg);\" role=\"img\" aria-label=\"Livre urologie sur l&#039;appareil g\u00e9nital masculin et la verge\"><\/div>\n\t\t\t\t<div class=\"elementor-cta__bg-overlay\"><\/div>\n\t\t\t<\/div>\n\t\t\t\t\t\t\t<div class=\"elementor-cta__content\">\n\t\t\t\t\n\t\t\t\t\t\t\t\t\t<div class=\"elementor-cta__title elementor-cta__content-item elementor-content-item\">\n\t\t\t\t\t\t\u062f\u0648\u0627\u0644\u064a \u0627\u0644\u062e\u0635\u064a\u0629\t\t\t\t\t<\/div>\n\t\t\t\t\n\t\t\t\t\t\t\t\t\t<div class=\"elementor-cta__description elementor-cta__content-item elementor-content-item\">\n\t\t\t\t\t\t\u0639\u0644\u0627\u062c \u063a\u064a\u0631 \u062c\u0631\u0627\u062d\u064a \u064a\u062d\u0641\u0632 \u062a\u062f\u0641\u0642 \u0627\u0644\u062f\u0645 \u0625\u0644\u0649 \u0627\u0644\u0642\u0636\u064a\u0628 \u0648\u064a\u062d\u0633\u0646 \u0648\u0638\u064a\u0641\u0629 \u0627\u0644\u0627\u0646\u062a\u0635\u0627\u0628 \u0628\u0634\u0643\u0644 \u0637\u0628\u064a\u0639\u064a. \u062d\u0644 \u0641\u0639\u0627\u0644 \u0644\u0644\u0631\u062c\u0627\u0644 \u0627\u0644\u0630\u064a\u0646 \u064a\u0639\u0627\u0646\u0648\u0646 \u0645\u0646 \u0636\u0639\u0641 \u0627\u0644\u0627\u0646\u062a\u0635\u0627\u0628. \t\t\t\t\t<\/div>\n\t\t\t\t\n\t\t\t\t\t\t\t<\/div>\n\t\t\t\t\t\t<\/a>\n\t\t\t\t\t\t<\/div>\n\t\t\t\t<\/div>\n\t\t\t\t<\/div>\n\t\t\t\t\t<\/div>\n\t\t\t\t<\/div>\n\t\t<div class=\"elementor-element elementor-element-ae75f03 e-flex e-con-boxed e-con e-parent\" data-id=\"ae75f03\" data-element_type=\"container\" data-e-type=\"container\">\n\t\t\t\t\t<div class=\"e-con-inner\">\n\t\t\t\t<div class=\"elementor-element elementor-element-4f04ba4 elementor-widget elementor-widget-image\" data-id=\"4f04ba4\" data-element_type=\"widget\" data-e-type=\"widget\" data-widget_type=\"image.default\">\n\t\t\t\t<div class=\"elementor-widget-container\">\n\t\t\t\t\t\t\t\t\t\t\t\t\t\t\t<img decoding=\"async\" width=\"1378\" height=\"919\" src=\"https:\/\/www.beleyurologie.fr\/wp-content\/uploads\/2025\/07\/MG_8799.jpg\" class=\"attachment-1536x1536 size-1536x1536 wp-image-2658\" alt=\"Dr S\u00e9bastien Beley op\u00e9ration implant p\u00e9nien, besoins\" srcset=\"https:\/\/www.beleyurologie.fr\/wp-content\/uploads\/2025\/07\/MG_8799.jpg 1378w, https:\/\/www.beleyurologie.fr\/wp-content\/uploads\/2025\/07\/MG_8799-300x200.jpg 300w, https:\/\/www.beleyurologie.fr\/wp-content\/uploads\/2025\/07\/MG_8799-1024x683.jpg 1024w, https:\/\/www.beleyurologie.fr\/wp-content\/uploads\/2025\/07\/MG_8799-768x512.jpg 768w\" sizes=\"(max-width: 1378px) 100vw, 1378px\" \/>\t\t\t\t\t\t\t\t\t\t\t\t\t\t\t<\/div>\n\t\t\t\t<\/div>\n\t\t\t\t\t<\/div>\n\t\t\t\t<\/div>\n\t\t<div class=\"elementor-element elementor-element-9204865 e-flex e-con-boxed e-con e-parent\" data-id=\"9204865\" data-element_type=\"container\" data-e-type=\"container\" data-settings=\"{&quot;background_background&quot;:&quot;classic&quot;}\">\n\t\t\t\t\t<div class=\"e-con-inner\">\n\t\t\t\t<div class=\"elementor-element elementor-element-c15b5b4 elementor-widget elementor-widget-heading\" data-id=\"c15b5b4\" data-element_type=\"widget\" data-e-type=\"widget\" data-widget_type=\"heading.default\">\n\t\t\t\t<div class=\"elementor-widget-container\">\n\t\t\t\t\t<h2 class=\"elementor-heading-title elementor-size-default\">\u062d\u062f\u062f \u0645\u0648\u0639\u062f\u064b\u0627<\/h2>\t\t\t\t<\/div>\n\t\t\t\t<\/div>\n\t\t\t\t<div class=\"elementor-element elementor-element-5ea7181 elementor-widget__width-initial elementor-widget elementor-widget-text-editor\" data-id=\"5ea7181\" data-element_type=\"widget\" data-e-type=\"widget\" data-widget_type=\"text-editor.default\">\n\t\t\t\t<div class=\"elementor-widget-container\">\n\t\t\t\t\t\t\t\t\t<p>\u062d\u062f\u062f \u0645\u0648\u0639\u062f\u064b\u0627 \u0644\u062c\u0644\u0633\u0629 \u0627\u0633\u062a\u0634\u0627\u0631\u064a\u0629 \u0645\u0639\u064a \u0644\u0645\u0646\u0627\u0642\u0634\u0629 \u0627\u062d\u062a\u064a\u0627\u062c\u0627\u062a\u0643.<\/p>\t\t\t\t\t\t\t\t<\/div>\n\t\t\t\t<\/div>\n\t\t<div class=\"elementor-element elementor-element-095ff32 e-con-full e-flex e-con e-child\" data-id=\"095ff32\" data-element_type=\"container\" data-e-type=\"container\">\n\t\t\t\t<div class=\"elementor-element elementor-element-9688df8 elementor-widget elementor-widget-button\" data-id=\"9688df8\" data-element_type=\"widget\" data-e-type=\"widget\" data-widget_type=\"button.default\">\n\t\t\t\t<div class=\"elementor-widget-container\">\n\t\t\t\t\t\t\t\t\t<div class=\"elementor-button-wrapper\">\n\t\t\t\t\t<a class=\"elementor-button elementor-button-link elementor-size-sm\" href=\"https:\/\/www.doctolib.fr\/chirurgien-urologue\/paris\/sebastien-beley\" target=\"_blank\" rel=\"noopener\">\n\t\t\t\t\t\t<span class=\"elementor-button-content-wrapper\">\n\t\t\t\t\t\t\t\t\t<span class=\"elementor-button-text\">\u0645\u0648\u0639\u062f \u0627\u0633\u062a\u0634\u0627\u0631\u0629<\/span>\n\t\t\t\t\t<\/span>\n\t\t\t\t\t<\/a>\n\t\t\t\t<\/div>\n\t\t\t\t\t\t\t\t<\/div>\n\t\t\t\t<\/div>\n\t\t\t\t<div class=\"elementor-element elementor-element-8e55802 elementor-widget elementor-widget-button\" data-id=\"8e55802\" data-element_type=\"widget\" data-e-type=\"widget\" data-widget_type=\"button.default\">\n\t\t\t\t<div class=\"elementor-widget-container\">\n\t\t\t\t\t\t\t\t\t<div class=\"elementor-button-wrapper\">\n\t\t\t\t\t<a class=\"elementor-button elementor-button-link elementor-size-sm\" href=\"https:\/\/www.beleyurologie.fr\/ar\/%d9%85%d9%88%d8%b9%d8%af-%d8%a7%d9%84%d8%ac%d8%b1%d8%a7%d8%ad%d8%a9\">\n\t\t\t\t\t\t<span class=\"elementor-button-content-wrapper\">\n\t\t\t\t\t\t\t\t\t<span class=\"elementor-button-text\">\u0645\u0648\u0639\u062f \u0627\u0644\u062c\u0631\u0627\u062d\u0629<\/span>\n\t\t\t\t\t<\/span>\n\t\t\t\t\t<\/a>\n\t\t\t\t<\/div>\n\t\t\t\t\t\t\t\t<\/div>\n\t\t\t\t<\/div>\n\t\t\t\t<\/div>\n\t\t\t\t\t<\/div>\n\t\t\t\t<\/div>\n\t\t\t\t<\/div>\n\t\t","protected":false},"excerpt":{"rendered":"<p>\u0627\u062d\u062a\u064a\u0627\u062c\u0627\u062a\u0643 \u0623\u0646\u0627 \u0647\u0646\u0627 \u0644\u0645\u0633\u0627\u0639\u062f\u062a\u0643 \u0627\u062d\u062a\u064a\u0627\u062c\u0627\u062a\u0643 \u0623\u0641\u0636\u0651\u0644 \u0627\u062a\u0628\u0627\u0639 \u0646\u0647\u062c \u062a\u062f\u0631\u064a\u062c\u064a \u060c \u062d\u064a\u062b \u0623\u0633\u062a\u0643\u0634\u0641 \u062f\u0627\u0626\u0645\u0627\u064b \u0627\u0644\u062e\u064a\u0627\u0631\u0627\u062a \u0627\u0644\u0623\u0642\u0644 \u062a\u0639\u0642\u064a\u062f\u0627\u064b \u0623\u0648\u0644\u0627\u064b \u0642\u0628\u0644 \u0627\u0644\u0646\u0638\u0631 \u0641\u064a \u0627\u0644\u062a\u062f\u062e\u0644\u0627\u062a \u0627\u0644\u0623\u0643\u062b\u0631 \u062a\u0639\u0642\u064a\u062f\u0627\u064b. \u0645\u0634\u0627\u0643\u0644 \u0627\u0644\u0627\u0646\u062a\u0635\u0627\u0628 \u0628\u0641\u0636\u0644 \u0622\u0644\u064a\u0629 \u0645\u0628\u062a\u0643\u0631\u0629\u060c \u062a\u062d\u0627\u0643\u064a \u0627\u0644\u0628\u062f\u0644\u0629 \u0627\u0644\u0647\u064a\u062f\u0631\u0648\u0644\u064a\u0643\u064a\u0629 \u0627\u0644\u0627\u0646\u062a\u0635\u0627\u0628 \u0627\u0644\u0637\u0628\u064a\u0639\u064a \u0628\u0634\u0643\u0644 \u0645\u062b\u0627\u0644\u064a\u060c \u0645\u0645\u0627 \u064a\u0648\u0641\u0631 \u0627\u0644\u062e\u0635\u0648\u0635\u064a\u0629 \u0648\u0627\u0644\u0631\u0627\u062d\u0629. \u0645\u0631\u0636 \u0628\u064a\u0631\u0648\u0646\u064a \u062a\u062a\u0648\u0641\u0631 \u0639\u0644\u0627\u062c\u0627\u062a \u062a\u062a\u0631\u0627\u0648\u062d \u0628\u064a\u0646 \u0627\u0644\u062d\u0642\u0646 \u0648\u0627\u0644\u062d\u0644\u0648\u0644 \u0627\u0644\u062c\u0631\u0627\u062d\u064a\u0629\u060c \u0644\u0627\u0633\u062a\u0639\u0627\u062f\u0629 \u0627\u0644\u0648\u0638\u064a\u0641\u0629 \u0627\u0644\u062c\u0646\u0633\u064a\u0629 \u0627\u0644\u0645\u062b\u0644\u0649 \u0648\u062a\u062d\u0642\u064a\u0642 \u0631\u0627\u062d\u0629 \u0623\u0643\u0628\u0631 [&hellip;]<\/p>\n","protected":false},"author":1,"featured_media":0,"parent":0,"menu_order":0,"comment_status":"closed","ping_status":"closed","template":"","meta":{"footnotes":""},"class_list":["post-4517","page","type-page","status-publish","hentry"],"_links":{"self":[{"href":"https:\/\/www.beleyurologie.fr\/ar\/wp-json\/wp\/v2\/pages\/4517","targetHints":{"allow":["GET"]}}],"collection":[{"href":"https:\/\/www.beleyurologie.fr\/ar\/wp-json\/wp\/v2\/pages"}],"about":[{"href":"https:\/\/www.beleyurologie.fr\/ar\/wp-json\/wp\/v2\/types\/page"}],"author":[{"embeddable":true,"href":"https:\/\/www.beleyurologie.fr\/ar\/wp-json\/wp\/v2\/users\/1"}],"replies":[{"embeddable":true,"href":"https:\/\/www.beleyurologie.fr\/ar\/wp-json\/wp\/v2\/comments?post=4517"}],"version-history":[{"count":2,"href":"https:\/\/www.beleyurologie.fr\/ar\/wp-json\/wp\/v2\/pages\/4517\/revisions"}],"predecessor-version":[{"id":4561,"href":"https:\/\/www.beleyurologie.fr\/ar\/wp-json\/wp\/v2\/pages\/4517\/revisions\/4561"}],"wp:attachment":[{"href":"https:\/\/www.beleyurologie.fr\/ar\/wp-json\/wp\/v2\/media?parent=4517"}],"curies":[{"name":"wp","href":"https:\/\/api.w.org\/{rel}","templated":true}]}}